{"id":3750,"date":"2024-09-21T11:45:45","date_gmt":"2024-09-21T09:45:45","guid":{"rendered":"https:\/\/blshop.hu\/about\/"},"modified":"2026-02-12T09:58:38","modified_gmt":"2026-02-12T08:58:38","slug":"about","status":"publish","type":"page","link":"https:\/\/blshop.hu\/en\/about\/","title":{"rendered":"About us"},"content":{"rendered":"\t\t<div data-elementor-type=\"wp-page\" data-elementor-id=\"3750\" class=\"elementor elementor-3750 elementor-39\" data-elementor-post-type=\"page\">\n\t\t\t\t<div class=\"elementor-element elementor-element-d62b197 e-flex e-con-boxed e-con e-parent\" data-id=\"d62b197\" data-element_type=\"container\" data-e-type=\"container\">\n\t\t\t\t\t<div class=\"e-con-inner\">\n\t\t\t\t<div class=\"elementor-element elementor-element-83dcae8 elementor-widget elementor-widget-heading\" data-id=\"83dcae8\" data-element_type=\"widget\" data-e-type=\"widget\" data-widget_type=\"heading.default\">\n\t\t\t\t<div class=\"elementor-widget-container\">\n\t\t\t\t\t<h1 class=\"elementor-heading-title elementor-size-default\">About us<\/h1>\t\t\t\t<\/div>\n\t\t\t\t<\/div>\n\t\t\t\t<div class=\"elementor-element elementor-element-56cd49d elementor-widget elementor-widget-text-editor\" data-id=\"56cd49d\" data-element_type=\"widget\" data-e-type=\"widget\" data-widget_type=\"text-editor.default\">\n\t\t\t\t<div class=\"elementor-widget-container\">\n\t\t\t\t\t\t\t\t\t<p><span style=\"font-weight: 400;\">The <\/span><i><span style=\"font-weight: 400;\">Batthy\u00e1ny Lajos Foundation<\/span><\/i><span style=\"font-weight: 400;\"> established <\/span><i><span style=\"font-weight: 400;\">BL Nonprofit Ltd.<\/span><\/i><span style=\"font-weight: 400;\"> in 2010 with the aim of presenting to the Hungarian and international readership the Hungarian processes, nation-building initiatives, innovations, national traditions and intellectual values. The <\/span><i><span style=\"font-weight: 400;\">Hungarian Review <\/span><\/i><span style=\"font-weight: 400;\">was the first magazine to be launched<\/span><i><span style=\"font-weight: 400;\">,<\/span><\/i><span style=\"font-weight: 400;\"> followed by <\/span><i><span style=\"font-weight: 400;\">Magyar Kr\u00f3nika<\/span><\/i><span style=\"font-weight: 400;\"> and <\/span><i><span style=\"font-weight: 400;\">Hungarian Conservative.<\/span><\/i><\/p>\n\t\t\t\t\t\t\t\t<\/div>\n\t\t\t\t<\/div>\n\t\t<div class=\"elementor-element elementor-element-2d0ae73 e-con-full e-flex e-con e-child\" data-id=\"2d0ae73\" data-element_type=\"container\" data-e-type=\"container\">\n\t\t<div class=\"elementor-element elementor-element-5b9fcb9 e-con-full e-flex e-con e-child\" data-id=\"5b9fcb9\" data-element_type=\"container\" data-e-type=\"container\">\n\t\t\t\t<div class=\"elementor-element elementor-element-39e8a7f elementor-widget elementor-widget-image\" data-id=\"39e8a7f\" data-element_type=\"widget\" data-e-type=\"widget\" data-widget_type=\"image.default\">\n\t\t\t\t<div class=\"elementor-widget-container\">\n\t\t\t\t\t\t\t\t\t\t\t\t\t\t\t<img fetchpriority=\"high\" decoding=\"async\" width=\"1200\" height=\"1200\" src=\"https:\/\/blshop.hu\/wp-content\/uploads\/HR_2024_03_B1.png\" class=\"attachment-full size-full wp-image-3241\" alt=\"\" srcset=\"https:\/\/blshop.hu\/wp-content\/uploads\/HR_2024_03_B1.png 1200w, https:\/\/blshop.hu\/wp-content\/uploads\/HR_2024_03_B1-300x300.png 300w, https:\/\/blshop.hu\/wp-content\/uploads\/HR_2024_03_B1-1024x1024.png 1024w, https:\/\/blshop.hu\/wp-content\/uploads\/HR_2024_03_B1-150x150.png 150w, https:\/\/blshop.hu\/wp-content\/uploads\/HR_2024_03_B1-768x768.png 768w, https:\/\/blshop.hu\/wp-content\/uploads\/HR_2024_03_B1-600x600.png 600w, https:\/\/blshop.hu\/wp-content\/uploads\/HR_2024_03_B1-100x100.png 100w, https:\/\/blshop.hu\/wp-content\/uploads\/HR_2024_03_B1-50x50.png 50w\" sizes=\"(max-width: 1200px) 100vw, 1200px\" \/>\t\t\t\t\t\t\t\t\t\t\t\t\t\t\t<\/div>\n\t\t\t\t<\/div>\n\t\t\t\t<\/div>\n\t\t<div class=\"elementor-element elementor-element-1b95bad e-con-full e-flex e-con e-child\" data-id=\"1b95bad\" data-element_type=\"container\" data-e-type=\"container\">\n\t\t\t\t<div class=\"elementor-element elementor-element-dd4f694 elementor-widget elementor-widget-text-editor\" data-id=\"dd4f694\" data-element_type=\"widget\" data-e-type=\"widget\" data-widget_type=\"text-editor.default\">\n\t\t\t\t<div class=\"elementor-widget-container\">\n\t\t\t\t\t\t\t\t\t<p><span style=\"font-weight: 400;\">The <\/span><i><span style=\"font-weight: 400;\">Hungarian Review<\/span><\/i><span style=\"font-weight: 400;\"> aims to present the world\u2019s historical, political and international events through a Central European perspective. As a result, the debate on Europe\u2019s present and future is a recurring feature of the publication\u2019s issues. The <\/span><i><span style=\"font-weight: 400;\">Hungarian Review<\/span><\/i><span style=\"font-weight: 400;\"> features distinguished national and international scholars as well as prominent political and economic figures. The magazine\u2019s editor-in-chief is Tam\u00e1s Magyarics, while Istv\u00e1n Kiss is the deputy editor-in-chief.<\/span><\/p>\n\t\t\t\t\t\t\t\t<\/div>\n\t\t\t\t<\/div>\n\t\t\t\t<\/div>\n\t\t\t\t<\/div>\n\t\t<div class=\"elementor-element elementor-element-72c6796 e-con-full e-flex e-con e-child\" data-id=\"72c6796\" data-element_type=\"container\" data-e-type=\"container\">\n\t\t<div class=\"elementor-element elementor-element-e17d693 e-con-full e-flex e-con e-child\" data-id=\"e17d693\" data-element_type=\"container\" data-e-type=\"container\">\n\t\t\t\t<div class=\"elementor-element elementor-element-e3faaf9 elementor-widget elementor-widget-text-editor\" data-id=\"e3faaf9\" data-element_type=\"widget\" data-e-type=\"widget\" data-widget_type=\"text-editor.default\">\n\t\t\t\t<div class=\"elementor-widget-container\">\n\t\t\t\t\t\t\t\t\t<p><span style=\"font-weight: 400;\">Since September 2020, <\/span><i><span style=\"font-weight: 400;\">BL Nonprofit Ltd.<\/span><\/i><span style=\"font-weight: 400;\"> has been publishing the renewed <\/span><i><span style=\"font-weight: 400;\">Magyar Kr\u00f3nika<\/span><\/i><span style=\"font-weight: 400;\"> magazine, which invites its readers to discover the landscapes of our country, from the Hortob\u00e1gy through Kom\u00e1rom to the \u0150rs\u00e9g. The aim of the publication is to showcase the community builders and value creators of the Hungarian society, whether they are our everyday heroes, emblematic artists, innovative scientists, or top athletes. The editor-in-chief of the quarterly print publication is G\u00e1bor Muray. <\/span><i><span style=\"font-weight: 400;\">Magyar Kr\u00f3nika<\/span><\/i><span style=\"font-weight: 400;\"> has also been present as an online portal (kronika.hu), providing readers with up-to-date written and video content on the latest and most important cultural news in Hungary. Kronika.hu is managed by Anna Demeter. <\/span><\/p>\n\t\t\t\t\t\t\t\t<\/div>\n\t\t\t\t<\/div>\n\t\t\t\t<\/div>\n\t\t<div class=\"elementor-element elementor-element-26b4ca9 e-con-full e-flex e-con e-child\" data-id=\"26b4ca9\" data-element_type=\"container\" data-e-type=\"container\">\n\t\t\t\t<div class=\"elementor-element elementor-element-58f0e21 elementor-widget elementor-widget-image\" data-id=\"58f0e21\" data-element_type=\"widget\" data-e-type=\"widget\" data-widget_type=\"image.default\">\n\t\t\t\t<div class=\"elementor-widget-container\">\n\t\t\t\t\t\t\t\t\t\t\t\t\t\t\t<img decoding=\"async\" width=\"1200\" height=\"1200\" src=\"https:\/\/blshop.hu\/wp-content\/uploads\/MK_110_82-83.png\" class=\"attachment-full size-full wp-image-3521\" alt=\"\" srcset=\"https:\/\/blshop.hu\/wp-content\/uploads\/MK_110_82-83.png 1200w, https:\/\/blshop.hu\/wp-content\/uploads\/MK_110_82-83-300x300.png 300w, https:\/\/blshop.hu\/wp-content\/uploads\/MK_110_82-83-1024x1024.png 1024w, https:\/\/blshop.hu\/wp-content\/uploads\/MK_110_82-83-150x150.png 150w, https:\/\/blshop.hu\/wp-content\/uploads\/MK_110_82-83-768x768.png 768w, https:\/\/blshop.hu\/wp-content\/uploads\/MK_110_82-83-600x600.png 600w, https:\/\/blshop.hu\/wp-content\/uploads\/MK_110_82-83-100x100.png 100w, https:\/\/blshop.hu\/wp-content\/uploads\/MK_110_82-83-50x50.png 50w\" sizes=\"(max-width: 1200px) 100vw, 1200px\" \/>\t\t\t\t\t\t\t\t\t\t\t\t\t\t\t<\/div>\n\t\t\t\t<\/div>\n\t\t\t\t<\/div>\n\t\t\t\t<\/div>\n\t\t<div class=\"elementor-element elementor-element-4cd3c29 e-con-full e-flex e-con e-child\" data-id=\"4cd3c29\" data-element_type=\"container\" data-e-type=\"container\">\n\t\t<div class=\"elementor-element elementor-element-6197fcf e-con-full e-flex e-con e-child\" data-id=\"6197fcf\" data-element_type=\"container\" data-e-type=\"container\">\n\t\t\t\t<div class=\"elementor-element elementor-element-067ada5 elementor-widget elementor-widget-image\" data-id=\"067ada5\" data-element_type=\"widget\" data-e-type=\"widget\" data-widget_type=\"image.default\">\n\t\t\t\t<div class=\"elementor-widget-container\">\n\t\t\t\t\t\t\t\t\t\t\t\t\t\t\t<img decoding=\"async\" width=\"1200\" height=\"1200\" src=\"https:\/\/blshop.hu\/wp-content\/uploads\/Volume-4-Number-3-2024-24-25.png\" class=\"attachment-full size-full wp-image-3095\" alt=\"\" srcset=\"https:\/\/blshop.hu\/wp-content\/uploads\/Volume-4-Number-3-2024-24-25.png 1200w, https:\/\/blshop.hu\/wp-content\/uploads\/Volume-4-Number-3-2024-24-25-300x300.png 300w, https:\/\/blshop.hu\/wp-content\/uploads\/Volume-4-Number-3-2024-24-25-1024x1024.png 1024w, https:\/\/blshop.hu\/wp-content\/uploads\/Volume-4-Number-3-2024-24-25-150x150.png 150w, https:\/\/blshop.hu\/wp-content\/uploads\/Volume-4-Number-3-2024-24-25-768x768.png 768w, https:\/\/blshop.hu\/wp-content\/uploads\/Volume-4-Number-3-2024-24-25-600x600.png 600w, https:\/\/blshop.hu\/wp-content\/uploads\/Volume-4-Number-3-2024-24-25-100x100.png 100w, https:\/\/blshop.hu\/wp-content\/uploads\/Volume-4-Number-3-2024-24-25-50x50.png 50w\" sizes=\"(max-width: 1200px) 100vw, 1200px\" \/>\t\t\t\t\t\t\t\t\t\t\t\t\t\t\t<\/div>\n\t\t\t\t<\/div>\n\t\t\t\t<\/div>\n\t\t<div class=\"elementor-element elementor-element-bf96e3b e-con-full e-flex e-con e-child\" data-id=\"bf96e3b\" data-element_type=\"container\" data-e-type=\"container\">\n\t\t\t\t<div class=\"elementor-element elementor-element-c26832f elementor-widget elementor-widget-text-editor\" data-id=\"c26832f\" data-element_type=\"widget\" data-e-type=\"widget\" data-widget_type=\"text-editor.default\">\n\t\t\t\t<div class=\"elementor-widget-container\">\n\t\t\t\t\t\t\t\t\t<p><i><span style=\"font-weight: 400;\">Hungarian Conservative<\/span><\/i><span style=\"font-weight: 400;\">, our third publication, was first published in April 2021. The quarterly magazine is the foremost English-language voice of 21st century Hungarian conservatism, bringing Hungarian political and economic developments to our international readership. The publication\u2019s editor-in-chief is Tam\u00e1s Magyarics and its deputy editor-in-chief is Istv\u00e1n Kiss.\u00a0 <\/span><i><span style=\"font-weight: 400;\">Hungarian Conservative<\/span><\/i><span style=\"font-weight: 400;\"> has also been operating as a news portal, providing our international readership with first-hand information on Hungarian domestic and foreign policy developments and achievements through our journalists\u2019 news articles and analyses. The editor-in-chief of hungarianconservative.com is Gergely Dobozi.<\/span><\/p>\n\t\t\t\t\t\t\t\t<\/div>\n\t\t\t\t<\/div>\n\t\t\t\t<\/div>\n\t\t\t\t<\/div>\n\t\t\t\t<div class=\"elementor-element elementor-element-096cd84 elementor-widget elementor-widget-text-editor\" data-id=\"096cd84\" data-element_type=\"widget\" data-e-type=\"widget\" data-widget_type=\"text-editor.default\">\n\t\t\t\t<div class=\"elementor-widget-container\">\n\t\t\t\t\t\t\t\t\t<p><span style=\"font-weight: 400;\">The publisher, <\/span><i><span style=\"font-weight: 400;\">BL Nonprofit Ltd.<\/span><\/i><span style=\"font-weight: 400;\"> oversees and supports the work of the editorial teams by developing and operating our magazine distribution network, promoting cooperation agreements, and building international relations. Our publications are available in Hungary on the shelves of Relay and Inmedio, as well as in Libri stores. Thanks to our international distribution collaborations, our English-language publications can be purchased in Europe and North America, among other places around the globe.<\/span><\/p>\n\t\t\t\t\t\t\t\t<\/div>\n\t\t\t\t<\/div>\n\t\t\t\t<div class=\"elementor-element elementor-element-ac311e5 elementor-widget elementor-widget-text-editor\" data-id=\"ac311e5\" data-element_type=\"widget\" data-e-type=\"widget\" data-widget_type=\"text-editor.default\">\n\t\t\t\t<div class=\"elementor-widget-container\">\n\t\t\t\t\t\t\t\t\t<p><span style=\"font-weight: 400;\">Since 2024, all of our publications can be quickly and conveniently purchased through the BL<\/span> <span style=\"font-weight: 400;\">webshop: through our print and online media, the voice of Hungary reaches every country in the world.\u00a0<\/span><\/p>\n\t\t\t\t\t\t\t\t<\/div>\n\t\t\t\t<\/div>\n\t\t<div class=\"elementor-element elementor-element-744fab5 e-grid e-con-full e-con e-child\" data-id=\"744fab5\" data-element_type=\"container\" data-e-type=\"container\">\n\t\t\t\t<div class=\"elementor-element elementor-element-ea84cdb elementor-widget elementor-widget-text-editor\" data-id=\"ea84cdb\" data-element_type=\"widget\" data-e-type=\"widget\" data-widget_type=\"text-editor.default\">\n\t\t\t\t<div class=\"elementor-widget-container\">\n\t\t\t\t\t\t\t\t\t<p><b>BL Nonprofit Ltd.<br \/>\n<\/b><span style=\"font-weight: 400;\">Managing Director: dr. Gergely Dobozi<\/span><span style=\"font-weight: 400;\"><br \/>\n<\/span><span style=\"font-weight: 400;\">Finance Director: Engloner Erzs\u00e9bet<\/span><\/p>\n\t\t\t\t\t\t\t\t<\/div>\n\t\t\t\t<\/div>\n\t\t\t\t<div class=\"elementor-element elementor-element-c5f950f elementor-widget elementor-widget-text-editor\" data-id=\"c5f950f\" data-element_type=\"widget\" data-e-type=\"widget\" data-widget_type=\"text-editor.default\">\n\t\t\t\t<div class=\"elementor-widget-container\">\n\t\t\t\t\t\t\t\t\t<p><b>Editorial contact details:<br \/>\n<\/b><span style=\"font-weight: 400;\">Magyar Kr\u00f3nika: <\/span><a href=\"mailto:info@kronika.hu\"><span style=\"font-weight: 400;\">info@kronika.hu<\/span><span style=\"font-weight: 400;\"><br \/>\n<\/span><\/a><span style=\"font-weight: 400;\">Hungarian Conservative: <\/span><a href=\"mailto:info@hungarianconservative.com\"><span style=\"font-weight: 400;\">info@hungarianconservative.com<\/span><span style=\"font-weight: 400;\"><br \/>\n<\/span><\/a><span style=\"font-weight: 400;\">Hungarian Review: <\/span><a href=\"mailto:info@hungarianreview.com\"><span style=\"font-weight: 400;\">info@hungarianreview.com<\/span><\/a><span style=\"font-weight: 400;\">\u00a0<\/span><\/p>\n\t\t\t\t\t\t\t\t<\/div>\n\t\t\t\t<\/div>\n\t\t\t\t<div class=\"elementor-element elementor-element-eed5d34 elementor-widget elementor-widget-text-editor\" data-id=\"eed5d34\" data-element_type=\"widget\" data-e-type=\"widget\" data-widget_type=\"text-editor.default\">\n\t\t\t\t<div class=\"elementor-widget-container\">\n\t\t\t\t\t\t\t\t\t<p><b>Publisher\u2019s contact details:<br \/><\/b><span style=\"font-weight: 400;\">1067 Budapest, E\u00f6tv\u00f6s utca 24. I. em. 10.<\/span><span style=\"font-weight: 400;\"><br \/><\/span><a href=\"mailto:blpress@blpress.hu\"><span style=\"font-weight: 400;\">blpress@blpress.hu<\/span><\/a><span style=\"font-weight: 400;\">\u00a0<\/span><\/p>\t\t\t\t\t\t\t\t<\/div>\n\t\t\t\t<\/div>\n\t\t\t\t<div class=\"elementor-element elementor-element-6eeeb7e elementor-widget elementor-widget-text-editor\" data-id=\"6eeeb7e\" data-element_type=\"widget\" data-e-type=\"widget\" data-widget_type=\"text-editor.default\">\n\t\t\t\t<div class=\"elementor-widget-container\">\n\t\t\t\t\t\t\t\t\t<p><b>Printing house:<br \/>\n<\/b><span style=\"font-weight: 400;\">VIRTU\u00d3Z Kiad\u00f3 \u00e9s Nyomdaipari Ltd.<\/span><\/p>\n\t\t\t\t\t\t\t\t<\/div>\n\t\t\t\t<\/div>\n\t\t\t\t<div class=\"elementor-element elementor-element-2cf39f8 elementor-widget elementor-widget-text-editor\" data-id=\"2cf39f8\" data-element_type=\"widget\" data-e-type=\"widget\" data-widget_type=\"text-editor.default\">\n\t\t\t\t<div class=\"elementor-widget-container\">\n\t\t\t\t\t\t\t\t\t<p><b>Fulfilment partner:<br \/>\n<\/b><span style=\"font-weight: 400;\">POST2ME.hu Ltd.<\/span><\/p>\n\t\t\t\t\t\t\t\t<\/div>\n\t\t\t\t<\/div>\n\t\t\t\t<div class=\"elementor-element elementor-element-c1d35a6 elementor-widget elementor-widget-image\" data-id=\"c1d35a6\" data-element_type=\"widget\" data-e-type=\"widget\" data-widget_type=\"image.default\">\n\t\t\t\t<div class=\"elementor-widget-container\">\n\t\t\t\t\t\t\t\t\t\t\t\t\t\t\t<img loading=\"lazy\" decoding=\"async\" width=\"488\" height=\"336\" src=\"https:\/\/blshop.hu\/wp-content\/uploads\/BL_logo-e1729256015392.jpg\" class=\"attachment-full size-full wp-image-3575\" alt=\"\" srcset=\"https:\/\/blshop.hu\/wp-content\/uploads\/BL_logo-e1729256015392.jpg 488w, https:\/\/blshop.hu\/wp-content\/uploads\/BL_logo-e1729256015392-300x207.jpg 300w\" sizes=\"(max-width: 488px) 100vw, 488px\" \/>\t\t\t\t\t\t\t\t\t\t\t\t\t\t\t<\/div>\n\t\t\t\t<\/div>\n\t\t\t\t<\/div>\n\t\t\t\t\t<\/div>\n\t\t\t\t<\/div>\n\t\t\t\t<\/div>\n\t\t","protected":false},"excerpt":{"rendered":"<p>About us The Batthy\u00e1ny Lajos Foundation established BL Nonprofit Ltd. in 2010 with the aim of presenting to the Hungarian and international readership the Hungarian processes, nation-building initiatives, innovations, national traditions and intellectual values. The Hungarian Review was the first magazine to be launched, followed by Magyar Kr\u00f3nika and Hungarian Conservative. The Hungarian Review aims [&hellip;]<\/p>\n","protected":false},"author":1,"featured_media":0,"parent":0,"menu_order":0,"comment_status":"closed","ping_status":"closed","template":"","meta":{"ocean_post_layout":"","ocean_both_sidebars_style":"","ocean_both_sidebars_content_width":0,"ocean_both_sidebars_sidebars_width":0,"ocean_sidebar":"","ocean_second_sidebar":"","ocean_disable_margins":"enable","ocean_add_body_class":"","ocean_shortcode_before_top_bar":"","ocean_shortcode_after_top_bar":"","ocean_shortcode_before_header":"","ocean_shortcode_after_header":"","ocean_has_shortcode":"","ocean_shortcode_after_title":"","ocean_shortcode_before_footer_widgets":"","ocean_shortcode_after_footer_widgets":"","ocean_shortcode_before_footer_bottom":"","ocean_shortcode_after_footer_bottom":"","ocean_display_top_bar":"default","ocean_display_header":"default","ocean_header_style":"","ocean_center_header_left_menu":"","ocean_custom_header_template":"","ocean_custom_logo":0,"ocean_custom_retina_logo":0,"ocean_custom_logo_max_width":0,"ocean_custom_logo_tablet_max_width":0,"ocean_custom_logo_mobile_max_width":0,"ocean_custom_logo_max_height":0,"ocean_custom_logo_tablet_max_height":0,"ocean_custom_logo_mobile_max_height":0,"ocean_header_custom_menu":"","ocean_menu_typo_font_family":"","ocean_menu_typo_font_subset":"","ocean_menu_typo_font_size":0,"ocean_menu_typo_font_size_tablet":0,"ocean_menu_typo_font_size_mobile":0,"ocean_menu_typo_font_size_unit":"px","ocean_menu_typo_font_weight":"","ocean_menu_typo_font_weight_tablet":"","ocean_menu_typo_font_weight_mobile":"","ocean_menu_typo_transform":"","ocean_menu_typo_transform_tablet":"","ocean_menu_typo_transform_mobile":"","ocean_menu_typo_line_height":0,"ocean_menu_typo_line_height_tablet":0,"ocean_menu_typo_line_height_mobile":0,"ocean_menu_typo_line_height_unit":"","ocean_menu_typo_spacing":0,"ocean_menu_typo_spacing_tablet":0,"ocean_menu_typo_spacing_mobile":0,"ocean_menu_typo_spacing_unit":"","ocean_menu_link_color":"","ocean_menu_link_color_hover":"","ocean_menu_link_color_active":"","ocean_menu_link_background":"","ocean_menu_link_hover_background":"","ocean_menu_link_active_background":"","ocean_menu_social_links_bg":"","ocean_menu_social_hover_links_bg":"","ocean_menu_social_links_color":"","ocean_menu_social_hover_links_color":"","ocean_disable_title":"default","ocean_disable_heading":"default","ocean_post_title":"","ocean_post_subheading":"","ocean_post_title_style":"","ocean_post_title_background_color":"","ocean_post_title_background":0,"ocean_post_title_bg_image_position":"","ocean_post_title_bg_image_attachment":"","ocean_post_title_bg_image_repeat":"","ocean_post_title_bg_image_size":"","ocean_post_title_height":0,"ocean_post_title_bg_overlay":0.5,"ocean_post_title_bg_overlay_color":"","ocean_disable_breadcrumbs":"default","ocean_breadcrumbs_color":"","ocean_breadcrumbs_separator_color":"","ocean_breadcrumbs_links_color":"","ocean_breadcrumbs_links_hover_color":"","ocean_display_footer_widgets":"default","ocean_display_footer_bottom":"default","ocean_custom_footer_template":"","footnotes":""},"class_list":["post-3750","page","type-page","status-publish","hentry","entry","owp-thumbs-layout-horizontal","owp-btn-normal","owp-tabs-layout-horizontal","has-no-thumbnails","has-product-nav"],"_links":{"self":[{"href":"https:\/\/blshop.hu\/en\/wp-json\/wp\/v2\/pages\/3750","targetHints":{"allow":["GET"]}}],"collection":[{"href":"https:\/\/blshop.hu\/en\/wp-json\/wp\/v2\/pages"}],"about":[{"href":"https:\/\/blshop.hu\/en\/wp-json\/wp\/v2\/types\/page"}],"author":[{"embeddable":true,"href":"https:\/\/blshop.hu\/en\/wp-json\/wp\/v2\/users\/1"}],"replies":[{"embeddable":true,"href":"https:\/\/blshop.hu\/en\/wp-json\/wp\/v2\/comments?post=3750"}],"version-history":[{"count":7,"href":"https:\/\/blshop.hu\/en\/wp-json\/wp\/v2\/pages\/3750\/revisions"}],"predecessor-version":[{"id":5819,"href":"https:\/\/blshop.hu\/en\/wp-json\/wp\/v2\/pages\/3750\/revisions\/5819"}],"wp:attachment":[{"href":"https:\/\/blshop.hu\/en\/wp-json\/wp\/v2\/media?parent=3750"}],"curies":[{"name":"wp","href":"https:\/\/api.w.org\/{rel}","templated":true}]}}