{"id":1728,"date":"2022-04-20T16:13:13","date_gmt":"2022-04-20T14:13:13","guid":{"rendered":"https:\/\/blshop.blackdevs.net\/termek\/hungarian-conservative-vol-2-no-2-2022\/"},"modified":"2026-03-13T13:27:32","modified_gmt":"2026-03-13T12:27:32","slug":"hungarian-conservative-vol-2-no-2-2022-2","status":"publish","type":"product","link":"https:\/\/blshop.hu\/en\/product\/hungarian-conservative-vol-2-no-2-2022-2\/","title":{"rendered":"Hungarian Conservative Vol 2 No 2 2022"},"content":{"rendered":"<p>From our current issue: <\/p>\n<p>\u2022        CURRENT: Bal\u00e1zs M\u00e1rtonffy: The Reality of Spheres of Influence in Central Europe<br \/>\n\u2022        ENERGY POLICY and CLIMATE: Tam\u00e1s Dezs\u0151: Demographic Trends in the Muslim World and the Potential Conseuences<br \/>\n\u2022        POLITICAL PHILOSOPHY: David L. Dusenbury: The Origins of European Unity and Disunity in Jan Poto\u010dka&#8217;s Heretical Essays<br \/>\n\u2022        REVIEW: Lilly Na\u00f3mi Zempl\u00e9nyi: Review of Prey: Immigration, Islam, and the Erosion of Women&#8217;s Rights by Ayaan Hirsi Ali<br \/>\n\u2022        IN MEMORIAM: Iv\u00e1n B\u00e1ba: Gy\u00f6rgy Sch\u00f6pflin, a European Hungarian<\/p>\n<p>The Hungarian Conservative aspires to be the foremost English-language voice of twenty-first-century Hungarian conservatism and an international forum for political, economic and cultural debate from a Hungarian perspective. Our objective is to address the outstanding issues of conservative thought in the realms of politics, society, religion, and culture, both past and present.<\/p>\n","protected":false},"excerpt":{"rendered":"<p>From our current issue: \u2022 CURRENT: Bal\u00e1zs M\u00e1rtonffy: The Reality of Spheres of Influence in Central Europe \u2022 ENERGY POLICY and CLIMATE: Tam\u00e1s Dezs\u0151: Demographic Trends in the Muslim World and the Potential Conseuences \u2022 POLITICAL PHILOSOPHY: David L. Dusenbury: The Origins of European Unity and Disunity in Jan Poto\u010dka&#8217;s Heretical Essays \u2022 REVIEW: Lilly [&hellip;]<\/p>\n","protected":false},"featured_media":602,"template":"","meta":{"ocean_post_layout":"","ocean_both_sidebars_style":"","ocean_both_sidebars_content_width":0,"ocean_both_sidebars_sidebars_width":0,"ocean_sidebar":"","ocean_second_sidebar":"","ocean_disable_margins":"enable","ocean_add_body_class":"","ocean_shortcode_before_top_bar":"","ocean_shortcode_after_top_bar":"","ocean_shortcode_before_header":"","ocean_shortcode_after_header":"","ocean_has_shortcode":"","ocean_shortcode_after_title":"","ocean_shortcode_before_footer_widgets":"","ocean_shortcode_after_footer_widgets":"","ocean_shortcode_before_footer_bottom":"","ocean_shortcode_after_footer_bottom":"","ocean_display_top_bar":"default","ocean_display_header":"default","ocean_header_style":"","ocean_center_header_left_menu":"","ocean_custom_header_template":"","ocean_custom_logo":0,"ocean_custom_retina_logo":0,"ocean_custom_logo_max_width":0,"ocean_custom_logo_tablet_max_width":0,"ocean_custom_logo_mobile_max_width":0,"ocean_custom_logo_max_height":0,"ocean_custom_logo_tablet_max_height":0,"ocean_custom_logo_mobile_max_height":0,"ocean_header_custom_menu":"","ocean_menu_typo_font_family":"","ocean_menu_typo_font_subset":"","ocean_menu_typo_font_size":0,"ocean_menu_typo_font_size_tablet":0,"ocean_menu_typo_font_size_mobile":0,"ocean_menu_typo_font_size_unit":"px","ocean_menu_typo_font_weight":"","ocean_menu_typo_font_weight_tablet":"","ocean_menu_typo_font_weight_mobile":"","ocean_menu_typo_transform":"","ocean_menu_typo_transform_tablet":"","ocean_menu_typo_transform_mobile":"","ocean_menu_typo_line_height":0,"ocean_menu_typo_line_height_tablet":0,"ocean_menu_typo_line_height_mobile":0,"ocean_menu_typo_line_height_unit":"","ocean_menu_typo_spacing":0,"ocean_menu_typo_spacing_tablet":0,"ocean_menu_typo_spacing_mobile":0,"ocean_menu_typo_spacing_unit":"","ocean_menu_link_color":"","ocean_menu_link_color_hover":"","ocean_menu_link_color_active":"","ocean_menu_link_background":"","ocean_menu_link_hover_background":"","ocean_menu_link_active_background":"","ocean_menu_social_links_bg":"","ocean_menu_social_hover_links_bg":"","ocean_menu_social_links_color":"","ocean_menu_social_hover_links_color":"","ocean_disable_title":"default","ocean_disable_heading":"default","ocean_post_title":"","ocean_post_subheading":"","ocean_post_title_style":"","ocean_post_title_background_color":"","ocean_post_title_background":0,"ocean_post_title_bg_image_position":"","ocean_post_title_bg_image_attachment":"","ocean_post_title_bg_image_repeat":"","ocean_post_title_bg_image_size":"","ocean_post_title_height":0,"ocean_post_title_bg_overlay":0.5,"ocean_post_title_bg_overlay_color":"","ocean_disable_breadcrumbs":"default","ocean_breadcrumbs_color":"","ocean_breadcrumbs_separator_color":"","ocean_breadcrumbs_links_color":"","ocean_breadcrumbs_links_hover_color":"","ocean_display_footer_widgets":"default","ocean_display_footer_bottom":"default","ocean_custom_footer_template":""},"product_brand":[],"product_cat":[60],"product_tag":[],"class_list":{"0":"post-1728","1":"product","2":"type-product","3":"status-publish","4":"has-post-thumbnail","6":"product_cat-hungarian-conservative","8":"entry","9":"has-media","11":"first","12":"instock","13":"purchasable","14":"product-type-simple","15":"has-product-nav","16":"col","17":"span_1_of_3","18":"owp-content-center","19":"owp-thumbs-layout-horizontal","20":"owp-btn-normal","21":"owp-tabs-layout-horizontal"},"_links":{"self":[{"href":"https:\/\/blshop.hu\/en\/wp-json\/wp\/v2\/product\/1728","targetHints":{"allow":["GET"]}}],"collection":[{"href":"https:\/\/blshop.hu\/en\/wp-json\/wp\/v2\/product"}],"about":[{"href":"https:\/\/blshop.hu\/en\/wp-json\/wp\/v2\/types\/product"}],"wp:featuredmedia":[{"embeddable":true,"href":"https:\/\/blshop.hu\/en\/wp-json\/wp\/v2\/media\/602"}],"wp:attachment":[{"href":"https:\/\/blshop.hu\/en\/wp-json\/wp\/v2\/media?parent=1728"}],"wp:term":[{"taxonomy":"product_brand","embeddable":true,"href":"https:\/\/blshop.hu\/en\/wp-json\/wp\/v2\/product_brand?post=1728"},{"taxonomy":"product_cat","embeddable":true,"href":"https:\/\/blshop.hu\/en\/wp-json\/wp\/v2\/product_cat?post=1728"},{"taxonomy":"product_tag","embeddable":true,"href":"https:\/\/blshop.hu\/en\/wp-json\/wp\/v2\/product_tag?post=1728"}],"curies":[{"name":"wp","href":"https:\/\/api.w.org\/{rel}","templated":true}]}}