{"id":1784,"date":"2024-09-01T16:13:39","date_gmt":"2024-09-01T14:13:39","guid":{"rendered":"https:\/\/blshop.blackdevs.net\/termek\/magyar-kronika-eves-elofizetes\/"},"modified":"2026-03-11T09:35:48","modified_gmt":"2026-03-11T08:35:48","slug":"magyar-kronika-eves-elofizetes","status":"publish","type":"product","link":"https:\/\/blshop.hu\/en\/product\/magyar-kronika-eves-elofizetes\/","title":{"rendered":"Magyar Kr\u00f3nika &#8211; \u00c9ves el\u0151fizet\u00e9s"},"content":{"rendered":"<p>Negyed\u00e9vente megjelen\u0151 print magazinunkban a leginspir\u00e1l\u00f3bb k\u00f6z\u00f6s t\u00f6rt\u00e9neteinket mutatjuk be. P\u00e9ldaad\u00f3 magyar kezdem\u00e9nyez\u00e9seket, k\u00f6z\u00f6ss\u00e9g\u00e9p\u00edt\u0151 t\u00f6rekv\u00e9seket, amelyekre m\u00e9ltatlanul kev\u00e9s figyelem jut, m\u00e9gis alapvet\u0151en meghat\u00e1rozz\u00e1k az orsz\u00e1g k\u00e9p\u00e9t.<\/p>\n<p>Ez\u00e9rt id\u0151t\u00e1ll\u00f3 m\u00f3don h\u00edvjuk fel a figyelmet azokra, akik a hivat\u00e1sukkal, kreativit\u00e1sukkal \u00e9s kitart\u00e1sukkal rengeteget tesznek a helyi k\u00f6z\u00f6ss\u00e9gek felvir\u00e1gz\u00e1s\u00e1\u00e9rt. Print magazinunk olyan orsz\u00e1gim\u00e1zsterm\u00e9k, amely alkalmas a magyarok \u00f6nbecs\u00fcl\u00e9s\u00e9nek n\u00f6vel\u00e9s\u00e9re, annak \u00e1t\u00e9l\u00e9s\u00e9re, hogy j\u00f3 \u00edgy \u00e9s itt \u00e9ln\u00fcnk.<\/p>\n<p>Lapunkat olyan kur\u00e1tori attit\u0171ddel k\u00e9sz\u00edtj\u00fck, amely garant\u00e1lja a t\u00f6rt\u00e9netek \u00e9s alanyok hiteless\u00e9g\u00e9t. Meggy\u0151z\u0151d\u00e9s\u00fcnk, hogy a Magyar Kr\u00f3nika Magyarorsz\u00e1g egyik legszebb, ha nem a legszebb magazinja, de nemcsak sz\u00e9p, val\u00f3di lenyomata is a kornak, amelyben \u00e9l\u00fcnk.<\/p>\n<p>Az el\u0151fizet\u00e9shez k\u00e9rj\u00fck v\u00e1lasszon sz\u00e1ll\u00edt\u00e1si helyet. Az \u00e9ves el\u0151fizet\u00e9s n\u00e9gy egym\u00e1st k\u00f6vet\u0151 lapsz\u00e1mot foglal mag\u00e1ban. Kezd\u0151 lapsz\u00e1m: No 117 (2026 tavasz)<\/p>\n","protected":false},"excerpt":{"rendered":"<p>Negyed\u00e9vente megjelen\u0151 print magazinunkban a leginspir\u00e1l\u00f3bb k\u00f6z\u00f6s t\u00f6rt\u00e9neteinket mutatjuk be. P\u00e9ldaad\u00f3 magyar kezdem\u00e9nyez\u00e9seket, k\u00f6z\u00f6ss\u00e9g\u00e9p\u00edt\u0151 t\u00f6rekv\u00e9seket, amelyekre m\u00e9ltatlanul kev\u00e9s figyelem jut, m\u00e9gis alapvet\u0151en meghat\u00e1rozz\u00e1k az orsz\u00e1g k\u00e9p\u00e9t. Ez\u00e9rt id\u0151t\u00e1ll\u00f3 m\u00f3don h\u00edvjuk fel a figyelmet azokra, akik a hivat\u00e1sukkal, kreativit\u00e1sukkal \u00e9s kitart\u00e1sukkal rengeteget tesznek a helyi k\u00f6z\u00f6ss\u00e9gek felvir\u00e1gz\u00e1s\u00e1\u00e9rt. Print magazinunk olyan orsz\u00e1gim\u00e1zsterm\u00e9k, amely alkalmas a magyarok \u00f6nbecs\u00fcl\u00e9s\u00e9nek [&hellip;]<\/p>\n","protected":false},"featured_media":5926,"template":"","meta":{"ocean_post_layout":"","ocean_both_sidebars_style":"","ocean_both_sidebars_content_width":0,"ocean_both_sidebars_sidebars_width":0,"ocean_sidebar":"0","ocean_second_sidebar":"0","ocean_disable_margins":"enable","ocean_add_body_class":"","ocean_shortcode_before_top_bar":"","ocean_shortcode_after_top_bar":"","ocean_shortcode_before_header":"","ocean_shortcode_after_header":"","ocean_has_shortcode":"","ocean_shortcode_after_title":"","ocean_shortcode_before_footer_widgets":"","ocean_shortcode_after_footer_widgets":"","ocean_shortcode_before_footer_bottom":"","ocean_shortcode_after_footer_bottom":"","ocean_display_top_bar":"default","ocean_display_header":"default","ocean_header_style":"","ocean_center_header_left_menu":"0","ocean_custom_header_template":"0","ocean_custom_logo":0,"ocean_custom_retina_logo":0,"ocean_custom_logo_max_width":0,"ocean_custom_logo_tablet_max_width":0,"ocean_custom_logo_mobile_max_width":0,"ocean_custom_logo_max_height":0,"ocean_custom_logo_tablet_max_height":0,"ocean_custom_logo_mobile_max_height":0,"ocean_header_custom_menu":"0","ocean_menu_typo_font_family":"0","ocean_menu_typo_font_subset":"","ocean_menu_typo_font_size":0,"ocean_menu_typo_font_size_tablet":0,"ocean_menu_typo_font_size_mobile":0,"ocean_menu_typo_font_size_unit":"px","ocean_menu_typo_font_weight":"","ocean_menu_typo_font_weight_tablet":"","ocean_menu_typo_font_weight_mobile":"","ocean_menu_typo_transform":"","ocean_menu_typo_transform_tablet":"","ocean_menu_typo_transform_mobile":"","ocean_menu_typo_line_height":0,"ocean_menu_typo_line_height_tablet":0,"ocean_menu_typo_line_height_mobile":0,"ocean_menu_typo_line_height_unit":"","ocean_menu_typo_spacing":0,"ocean_menu_typo_spacing_tablet":0,"ocean_menu_typo_spacing_mobile":0,"ocean_menu_typo_spacing_unit":"","ocean_menu_link_color":"","ocean_menu_link_color_hover":"","ocean_menu_link_color_active":"","ocean_menu_link_background":"","ocean_menu_link_hover_background":"","ocean_menu_link_active_background":"","ocean_menu_social_links_bg":"","ocean_menu_social_hover_links_bg":"","ocean_menu_social_links_color":"","ocean_menu_social_hover_links_color":"","ocean_disable_title":"default","ocean_disable_heading":"default","ocean_post_title":"","ocean_post_subheading":"","ocean_post_title_style":"","ocean_post_title_background_color":"","ocean_post_title_background":0,"ocean_post_title_bg_image_position":"","ocean_post_title_bg_image_attachment":"","ocean_post_title_bg_image_repeat":"","ocean_post_title_bg_image_size":"","ocean_post_title_height":0,"ocean_post_title_bg_overlay":0.5,"ocean_post_title_bg_overlay_color":"","ocean_disable_breadcrumbs":"default","ocean_breadcrumbs_color":"","ocean_breadcrumbs_separator_color":"","ocean_breadcrumbs_links_color":"","ocean_breadcrumbs_links_hover_color":"","ocean_display_footer_widgets":"default","ocean_display_footer_bottom":"default","ocean_custom_footer_template":"0"},"product_brand":[],"product_cat":[54],"product_tag":[],"class_list":{"0":"post-1784","1":"product","2":"type-product","3":"status-publish","4":"has-post-thumbnail","6":"product_cat-elofizetes","8":"entry","9":"has-media","11":"first","12":"instock","13":"purchasable","14":"product-type-variable-subscription","15":"has-default-attributes","16":"has-product-nav","17":"col","18":"span_1_of_3","19":"owp-content-center","20":"owp-thumbs-layout-horizontal","21":"owp-btn-normal","22":"owp-tabs-layout-horizontal","23":"has-no-thumbnails"},"_links":{"self":[{"href":"https:\/\/blshop.hu\/en\/wp-json\/wp\/v2\/product\/1784","targetHints":{"allow":["GET"]}}],"collection":[{"href":"https:\/\/blshop.hu\/en\/wp-json\/wp\/v2\/product"}],"about":[{"href":"https:\/\/blshop.hu\/en\/wp-json\/wp\/v2\/types\/product"}],"wp:featuredmedia":[{"embeddable":true,"href":"https:\/\/blshop.hu\/en\/wp-json\/wp\/v2\/media\/5926"}],"wp:attachment":[{"href":"https:\/\/blshop.hu\/en\/wp-json\/wp\/v2\/media?parent=1784"}],"wp:term":[{"taxonomy":"product_brand","embeddable":true,"href":"https:\/\/blshop.hu\/en\/wp-json\/wp\/v2\/product_brand?post=1784"},{"taxonomy":"product_cat","embeddable":true,"href":"https:\/\/blshop.hu\/en\/wp-json\/wp\/v2\/product_cat?post=1784"},{"taxonomy":"product_tag","embeddable":true,"href":"https:\/\/blshop.hu\/en\/wp-json\/wp\/v2\/product_tag?post=1784"}],"curies":[{"name":"wp","href":"https:\/\/api.w.org\/{rel}","templated":true}]}}