{"id":2667,"date":"2025-03-24T18:45:50","date_gmt":"2025-03-24T16:45:50","guid":{"rendered":"https:\/\/blshop.hu\/termek\/magyar-kronika-113\/"},"modified":"2026-03-13T13:41:38","modified_gmt":"2026-03-13T12:41:38","slug":"magyar-kronika-113-szam","status":"publish","type":"product","link":"https:\/\/blshop.hu\/en\/product\/magyar-kronika-113-szam\/","title":{"rendered":"Magyar Kr\u00f3nika 113. sz\u00e1m"},"content":{"rendered":"<p>Aktu\u00e1lis lapsz\u00e1munk rovataib\u00f3l:<br \/>\nH\u00edv\u00f3sz\u00f3: Ne b\u00e1nts! \u2013 Szek\u00e1l\u00e1s, kik\u00f6z\u00f6s\u00edt\u00e9s, hatalmaskod\u00e1s, agresszi\u00f3. Rovatunkban kiutakat mutatunk a di\u00e1kok k\u00f6z\u00f6tti b\u00e1ntalmaz\u00f3 helyzetekb\u0151l.<br \/>\nA hely szelleme: Sz\u00e9kesfeh\u00e9rv\u00e1r \u2013 K\u00f6z\u00f6sen megismerj\u00fck a v\u00e1ros ezer \u00e9v\u00e9t, ritmus\u00e1t \u00e9s c\u00e9ljait, felkeress\u00fck legismertebb k\u00f6z\u00f6ss\u00e9g\u00e9p\u00edt\u0151it \u00e9s a legjobb helyeit.<br \/>\nTematika: Print \u2013 A k\u00f6nyv megmarad\u00e1s\u00e1r\u00f3l, a nyomtat\u00e1shoz kapcsol\u00f3d\u00f3 vizu\u00e1lis kult\u00fara \u00f6r\u00f6ks\u00e9g\u00e9nek tov\u00e1bbvitel\u00e9r\u0151l, az anal\u00f3g renesz\u00e1nsz\u00e1r\u00f3l besz\u00e9lget\u00fcnk nyomd\u00e1szokkal, grafikusokkal, k\u00f6nyvt\u00e1rosokkal \u00e9s antikv\u00e1riusokkal.<br \/>\n\u00c9let\u00fat: nagyinterj\u00fa Luk\u00e1cs Mikl\u00f3s Erkel Ferenc-, Liszt Ferenc-, Prima \u00e9s Magyar \u00d6r\u00f6ks\u00e9g d\u00edjas cimbalomm\u0171v\u00e9sszel.<\/p>\n<p>A Magyar Kr\u00f3nika magazinban a leginspir\u00e1l\u00f3bb k\u00f6z\u00f6s t\u00f6rt\u00e9neteinket mutatjuk be. P\u00e9ldaad\u00f3 magyar kezdem\u00e9nyez\u00e9seket, k\u00f6z\u00f6ss\u00e9g\u00e9p\u00edt\u0151 t\u00f6rekv\u00e9seket, amelyekre m\u00e9ltatlanul kev\u00e9s figyelem jut, m\u00e9gis alapvet\u0151en meghat\u00e1rozz\u00e1k az orsz\u00e1g k\u00e9p\u00e9t. Meggy\u0151z\u0151d\u00e9s\u00fcnk, hogy a Magyar Kr\u00f3nika Magyarorsz\u00e1g egyik legszebb, ha nem a legszebb magazinja, de nemcsak sz\u00e9p, val\u00f3di lenyomata is a kornak, amelyben \u00e9l\u00fcnk.<\/p>\n","protected":false},"excerpt":{"rendered":"<p>Aktu\u00e1lis lapsz\u00e1munk rovataib\u00f3l: H\u00edv\u00f3sz\u00f3: Ne b\u00e1nts! \u2013 Szek\u00e1l\u00e1s, kik\u00f6z\u00f6s\u00edt\u00e9s, hatalmaskod\u00e1s, agresszi\u00f3. Rovatunkban kiutakat mutatunk a di\u00e1kok k\u00f6z\u00f6tti b\u00e1ntalmaz\u00f3 helyzetekb\u0151l. A hely szelleme: Sz\u00e9kesfeh\u00e9rv\u00e1r \u2013 K\u00f6z\u00f6sen megismerj\u00fck a v\u00e1ros ezer \u00e9v\u00e9t, ritmus\u00e1t \u00e9s c\u00e9ljait, felkeress\u00fck legismertebb k\u00f6z\u00f6ss\u00e9g\u00e9p\u00edt\u0151it \u00e9s a legjobb helyeit. Tematika: Print \u2013 A k\u00f6nyv megmarad\u00e1s\u00e1r\u00f3l, a nyomtat\u00e1shoz kapcsol\u00f3d\u00f3 vizu\u00e1lis kult\u00fara \u00f6r\u00f6ks\u00e9g\u00e9nek tov\u00e1bbvitel\u00e9r\u0151l, az anal\u00f3g [&hellip;]<\/p>\n","protected":false},"featured_media":2660,"template":"","meta":{"ocean_post_layout":"","ocean_both_sidebars_style":"","ocean_both_sidebars_content_width":0,"ocean_both_sidebars_sidebars_width":0,"ocean_sidebar":"","ocean_second_sidebar":"","ocean_disable_margins":"enable","ocean_add_body_class":"","ocean_shortcode_before_top_bar":"","ocean_shortcode_after_top_bar":"","ocean_shortcode_before_header":"","ocean_shortcode_after_header":"","ocean_has_shortcode":"","ocean_shortcode_after_title":"","ocean_shortcode_before_footer_widgets":"","ocean_shortcode_after_footer_widgets":"","ocean_shortcode_before_footer_bottom":"","ocean_shortcode_after_footer_bottom":"","ocean_display_top_bar":"default","ocean_display_header":"default","ocean_header_style":"","ocean_center_header_left_menu":"","ocean_custom_header_template":"","ocean_custom_logo":0,"ocean_custom_retina_logo":0,"ocean_custom_logo_max_width":0,"ocean_custom_logo_tablet_max_width":0,"ocean_custom_logo_mobile_max_width":0,"ocean_custom_logo_max_height":0,"ocean_custom_logo_tablet_max_height":0,"ocean_custom_logo_mobile_max_height":0,"ocean_header_custom_menu":"","ocean_menu_typo_font_family":"","ocean_menu_typo_font_subset":"","ocean_menu_typo_font_size":0,"ocean_menu_typo_font_size_tablet":0,"ocean_menu_typo_font_size_mobile":0,"ocean_menu_typo_font_size_unit":"px","ocean_menu_typo_font_weight":"","ocean_menu_typo_font_weight_tablet":"","ocean_menu_typo_font_weight_mobile":"","ocean_menu_typo_transform":"","ocean_menu_typo_transform_tablet":"","ocean_menu_typo_transform_mobile":"","ocean_menu_typo_line_height":0,"ocean_menu_typo_line_height_tablet":0,"ocean_menu_typo_line_height_mobile":0,"ocean_menu_typo_line_height_unit":"","ocean_menu_typo_spacing":0,"ocean_menu_typo_spacing_tablet":0,"ocean_menu_typo_spacing_mobile":0,"ocean_menu_typo_spacing_unit":"","ocean_menu_link_color":"","ocean_menu_link_color_hover":"","ocean_menu_link_color_active":"","ocean_menu_link_background":"","ocean_menu_link_hover_background":"","ocean_menu_link_active_background":"","ocean_menu_social_links_bg":"","ocean_menu_social_hover_links_bg":"","ocean_menu_social_links_color":"","ocean_menu_social_hover_links_color":"","ocean_disable_title":"default","ocean_disable_heading":"default","ocean_post_title":"","ocean_post_subheading":"","ocean_post_title_style":"","ocean_post_title_background_color":"","ocean_post_title_background":0,"ocean_post_title_bg_image_position":"","ocean_post_title_bg_image_attachment":"","ocean_post_title_bg_image_repeat":"","ocean_post_title_bg_image_size":"","ocean_post_title_height":0,"ocean_post_title_bg_overlay":0.5,"ocean_post_title_bg_overlay_color":"","ocean_disable_breadcrumbs":"default","ocean_breadcrumbs_color":"","ocean_breadcrumbs_separator_color":"","ocean_breadcrumbs_links_color":"","ocean_breadcrumbs_links_hover_color":"","ocean_display_footer_widgets":"default","ocean_display_footer_bottom":"default","ocean_custom_footer_template":""},"product_brand":[],"product_cat":[58],"product_tag":[],"class_list":{"0":"post-2667","1":"product","2":"type-product","3":"status-publish","4":"has-post-thumbnail","6":"product_cat-magyar-kronika","8":"entry","9":"has-media","11":"first","12":"instock","13":"purchasable","14":"product-type-simple","15":"has-product-nav","16":"col","17":"span_1_of_3","18":"owp-content-center","19":"owp-thumbs-layout-horizontal","20":"owp-btn-normal","21":"owp-tabs-layout-horizontal"},"_links":{"self":[{"href":"https:\/\/blshop.hu\/en\/wp-json\/wp\/v2\/product\/2667","targetHints":{"allow":["GET"]}}],"collection":[{"href":"https:\/\/blshop.hu\/en\/wp-json\/wp\/v2\/product"}],"about":[{"href":"https:\/\/blshop.hu\/en\/wp-json\/wp\/v2\/types\/product"}],"wp:featuredmedia":[{"embeddable":true,"href":"https:\/\/blshop.hu\/en\/wp-json\/wp\/v2\/media\/2660"}],"wp:attachment":[{"href":"https:\/\/blshop.hu\/en\/wp-json\/wp\/v2\/media?parent=2667"}],"wp:term":[{"taxonomy":"product_brand","embeddable":true,"href":"https:\/\/blshop.hu\/en\/wp-json\/wp\/v2\/product_brand?post=2667"},{"taxonomy":"product_cat","embeddable":true,"href":"https:\/\/blshop.hu\/en\/wp-json\/wp\/v2\/product_cat?post=2667"},{"taxonomy":"product_tag","embeddable":true,"href":"https:\/\/blshop.hu\/en\/wp-json\/wp\/v2\/product_tag?post=2667"}],"curies":[{"name":"wp","href":"https:\/\/api.w.org\/{rel}","templated":true}]}}