{"id":2827,"date":"2025-06-23T12:23:09","date_gmt":"2025-06-23T10:23:09","guid":{"rendered":"https:\/\/blshop.hu\/termek\/magyar-kronika-114\/"},"modified":"2026-02-06T11:32:07","modified_gmt":"2026-02-06T10:32:07","slug":"magyar-kronika-114-szam","status":"publish","type":"product","link":"https:\/\/blshop.hu\/en\/product\/magyar-kronika-114-szam\/","title":{"rendered":"Magyar Kr\u00f3nika 114. sz\u00e1m"},"content":{"rendered":"<p>Aktu\u00e1lis lapsz\u00e1munk rovataib\u00f3l:<br \/>\nMagazinunkban ez\u00fattal a hi\u00e1nytalan ny\u00e1r ut\u00e1n eredt\u00fcnk. Egyszervolt nyarak eml\u00e9ke ut\u00e1n, amelyekben \u00fagy h\u00f6mp\u00f6lyg\u00f6tt az \u00e9let mes\u00e9je, mint az \u00f6reg Duna. \u00cdgy esett v\u00e1laszt\u00e1sunk a magyars\u00e1g art\u00e9ri\u00e1j\u00e1ra, a folyamra, amelyhez mindenkinek k\u00f6ze van \u2013 mindegy, hogy a Dun\u00e1n innen vagy t\u00falon, esetleg a Dun\u00e1n mag\u00e1n \u00e9l. Megk\u00eds\u00e9relj\u00fck elbesz\u00e9lni a Duna elbesz\u00e9lhetetlen mes\u00e9j\u00e9t abban az id\u0151ablakban, amely nek\u00fcnk itt \u00e9s most megadatik. Hal\u00e1szok, haj\u00f3sok, m\u0171v\u00e9szek, aranyat mos\u00f3, hidakat \u0151rz\u0151, term\u00e9szetet v\u00e9d\u0151 emberek t\u00f6rt\u00e9neteire voltunk k\u00edv\u00e1ncsiak vagy \u00e9pp arra a h\u00e9tk\u00f6znapi csal\u00e1d\u00e9ra, amely a lakhely\u00e9vel is hirdeti: a foly\u00f3n \u00e9lni sorsk\u00f6z\u00f6ss\u00e9g. Az \u0151 p\u00e9ld\u00e1juk vezet v\u00e9gig benn\u00fcnket a Csall\u00f3k\u00f6zt\u0151l eg\u00e9szen a Moh\u00e1cs alatti Dig\u00e1ncsig.<\/p>\n<p>A Magyar Kr\u00f3nika magazinban a leginspir\u00e1l\u00f3bb k\u00f6z\u00f6s t\u00f6rt\u00e9neteinket mutatjuk be. P\u00e9ldaad\u00f3 magyar kezdem\u00e9nyez\u00e9seket, k\u00f6z\u00f6ss\u00e9g\u00e9p\u00edt\u0151 t\u00f6rekv\u00e9seket, amelyekre m\u00e9ltatlanul kev\u00e9s figyelem jut, m\u00e9gis alapvet\u0151en meghat\u00e1rozz\u00e1k az orsz\u00e1g k\u00e9p\u00e9t. Meggy\u0151z\u0151d\u00e9s\u00fcnk, hogy a Magyar Kr\u00f3nika Magyarorsz\u00e1g egyik legszebb, ha nem a legszebb magazinja, de nemcsak sz\u00e9p, val\u00f3di lenyomata is a kornak, amelyben \u00e9l\u00fcnk.<\/p>\n","protected":false},"excerpt":{"rendered":"<p>Aktu\u00e1lis lapsz\u00e1munk rovataib\u00f3l: Magazinunkban ez\u00fattal a hi\u00e1nytalan ny\u00e1r ut\u00e1n eredt\u00fcnk. Egyszervolt nyarak eml\u00e9ke ut\u00e1n, amelyekben \u00fagy h\u00f6mp\u00f6lyg\u00f6tt az \u00e9let mes\u00e9je, mint az \u00f6reg Duna. \u00cdgy esett v\u00e1laszt\u00e1sunk a magyars\u00e1g art\u00e9ri\u00e1j\u00e1ra, a folyamra, amelyhez mindenkinek k\u00f6ze van \u2013 mindegy, hogy a Dun\u00e1n innen vagy t\u00falon, esetleg a Dun\u00e1n mag\u00e1n \u00e9l. Megk\u00eds\u00e9relj\u00fck elbesz\u00e9lni a Duna elbesz\u00e9lhetetlen mes\u00e9j\u00e9t [&hellip;]<\/p>\n","protected":false},"featured_media":2815,"template":"","meta":{"ocean_post_layout":"","ocean_both_sidebars_style":"","ocean_both_sidebars_content_width":0,"ocean_both_sidebars_sidebars_width":0,"ocean_sidebar":"","ocean_second_sidebar":"","ocean_disable_margins":"enable","ocean_add_body_class":"","ocean_shortcode_before_top_bar":"","ocean_shortcode_after_top_bar":"","ocean_shortcode_before_header":"","ocean_shortcode_after_header":"","ocean_has_shortcode":"","ocean_shortcode_after_title":"","ocean_shortcode_before_footer_widgets":"","ocean_shortcode_after_footer_widgets":"","ocean_shortcode_before_footer_bottom":"","ocean_shortcode_after_footer_bottom":"","ocean_display_top_bar":"default","ocean_display_header":"default","ocean_header_style":"","ocean_center_header_left_menu":"","ocean_custom_header_template":"","ocean_custom_logo":0,"ocean_custom_retina_logo":0,"ocean_custom_logo_max_width":0,"ocean_custom_logo_tablet_max_width":0,"ocean_custom_logo_mobile_max_width":0,"ocean_custom_logo_max_height":0,"ocean_custom_logo_tablet_max_height":0,"ocean_custom_logo_mobile_max_height":0,"ocean_header_custom_menu":"","ocean_menu_typo_font_family":"","ocean_menu_typo_font_subset":"","ocean_menu_typo_font_size":0,"ocean_menu_typo_font_size_tablet":0,"ocean_menu_typo_font_size_mobile":0,"ocean_menu_typo_font_size_unit":"px","ocean_menu_typo_font_weight":"","ocean_menu_typo_font_weight_tablet":"","ocean_menu_typo_font_weight_mobile":"","ocean_menu_typo_transform":"","ocean_menu_typo_transform_tablet":"","ocean_menu_typo_transform_mobile":"","ocean_menu_typo_line_height":0,"ocean_menu_typo_line_height_tablet":0,"ocean_menu_typo_line_height_mobile":0,"ocean_menu_typo_line_height_unit":"","ocean_menu_typo_spacing":0,"ocean_menu_typo_spacing_tablet":0,"ocean_menu_typo_spacing_mobile":0,"ocean_menu_typo_spacing_unit":"","ocean_menu_link_color":"","ocean_menu_link_color_hover":"","ocean_menu_link_color_active":"","ocean_menu_link_background":"","ocean_menu_link_hover_background":"","ocean_menu_link_active_background":"","ocean_menu_social_links_bg":"","ocean_menu_social_hover_links_bg":"","ocean_menu_social_links_color":"","ocean_menu_social_hover_links_color":"","ocean_disable_title":"default","ocean_disable_heading":"default","ocean_post_title":"","ocean_post_subheading":"","ocean_post_title_style":"","ocean_post_title_background_color":"","ocean_post_title_background":0,"ocean_post_title_bg_image_position":"","ocean_post_title_bg_image_attachment":"","ocean_post_title_bg_image_repeat":"","ocean_post_title_bg_image_size":"","ocean_post_title_height":0,"ocean_post_title_bg_overlay":0.5,"ocean_post_title_bg_overlay_color":"","ocean_disable_breadcrumbs":"default","ocean_breadcrumbs_color":"","ocean_breadcrumbs_separator_color":"","ocean_breadcrumbs_links_color":"","ocean_breadcrumbs_links_hover_color":"","ocean_display_footer_widgets":"default","ocean_display_footer_bottom":"default","ocean_custom_footer_template":""},"product_brand":[],"product_cat":[58],"product_tag":[],"class_list":{"0":"post-2827","1":"product","2":"type-product","3":"status-publish","4":"has-post-thumbnail","6":"product_cat-magyar-kronika","8":"entry","9":"has-media","11":"first","12":"instock","13":"purchasable","14":"product-type-simple","15":"has-product-nav","16":"col","17":"span_1_of_3","18":"owp-content-center","19":"owp-thumbs-layout-horizontal","20":"owp-btn-normal","21":"owp-tabs-layout-horizontal"},"_links":{"self":[{"href":"https:\/\/blshop.hu\/en\/wp-json\/wp\/v2\/product\/2827","targetHints":{"allow":["GET"]}}],"collection":[{"href":"https:\/\/blshop.hu\/en\/wp-json\/wp\/v2\/product"}],"about":[{"href":"https:\/\/blshop.hu\/en\/wp-json\/wp\/v2\/types\/product"}],"wp:featuredmedia":[{"embeddable":true,"href":"https:\/\/blshop.hu\/en\/wp-json\/wp\/v2\/media\/2815"}],"wp:attachment":[{"href":"https:\/\/blshop.hu\/en\/wp-json\/wp\/v2\/media?parent=2827"}],"wp:term":[{"taxonomy":"product_brand","embeddable":true,"href":"https:\/\/blshop.hu\/en\/wp-json\/wp\/v2\/product_brand?post=2827"},{"taxonomy":"product_cat","embeddable":true,"href":"https:\/\/blshop.hu\/en\/wp-json\/wp\/v2\/product_cat?post=2827"},{"taxonomy":"product_tag","embeddable":true,"href":"https:\/\/blshop.hu\/en\/wp-json\/wp\/v2\/product_tag?post=2827"}],"curies":[{"name":"wp","href":"https:\/\/api.w.org\/{rel}","templated":true}]}}