{"id":3924,"date":"2025-09-19T09:11:29","date_gmt":"2025-09-19T07:11:29","guid":{"rendered":"https:\/\/blshop.hu\/?post_type=product&#038;p=3924"},"modified":"2026-02-19T13:35:23","modified_gmt":"2026-02-19T12:35:23","slug":"magyar-kronika-115-szam","status":"publish","type":"product","link":"https:\/\/blshop.hu\/en\/product\/magyar-kronika-115-szam\/","title":{"rendered":"Magyar Kr\u00f3nika 115. sz\u00e1m"},"content":{"rendered":"<p>Aktu\u00e1lis lapsz\u00e1munk rovataib\u00f3l:<\/p>\n<p><strong>A hely szelleme: B\u00fckk<\/strong> \u2013 Ez\u00fattal a B\u00fckk t\u00e9rs\u00e9g\u00e9t j\u00e1rtuk be Szilv\u00e1sv\u00e1radt\u00f3l Noszvajig, Upponyt\u00f3l M\u00e1lyink\u00e1ig, B\u00e1nk\u00fatt\u00f3l Lillaf\u00fcredig, B\u00fckkszentkeresztt\u0151l R\u00e9p\u00e1shut\u00e1ig, Noszvajt\u00f3l Mez\u0151szemer\u00e9ig. Botanikus, erd\u00e9sz, barlang\u00e1sz, bor\u00e1sz, csillag\u00e1sz, filmfesztiv\u00e1l-szervez\u0151, vend\u00e9gl\u00e1t\u00f3s, meseterapeuta, szerzetes, sz\u00e9n\u00e9get\u0151, term\u00e9szetm\u0171v\u00e9sz \u00e9s m\u00e1s helyb\u00e9liek vallanak arr\u00f3l, hogyan form\u00e1lja az \u00e9let\u00fcket ez a vadreg\u00e9nyes vid\u00e9k. Rovatunkban arra kerest\u00fck a v\u00e1laszt, mit jelent ma a B\u00fckk: hogyan v\u00e1lhat nemcsak f\u00f6ldrajzi, hanem bels\u0151 t\u00e1jj\u00e1, amely lassul\u00e1sra \u00e9s szeml\u00e9l\u0151d\u00e9sre h\u00edv, \u00e9s a helyhez val\u00f3 gy\u00f3gy\u00edt\u00f3 kapcsol\u00f3d\u00e1sra tan\u00edt.<\/p>\n<p><strong>H\u00edv\u00f3sz\u00f3: Adat\u0151r\u00f6k<\/strong> \u2013 Mit jelent a digit\u00e1lis korban a bizalom? Adataink biztons\u00e1g\u00e1r\u00f3l \u00e9s a kibert\u00e9r vesz\u00e9lyeir\u0151l besz\u00e9lgett\u00fcnk szakemberekkel.<\/p>\n<p><strong>Tematika: Betev\u0151<\/strong> \u2013 \u00c9teleink korokon, tereken \u00e9s kult\u00far\u00e1kon \u00e1t. K\u00f6r\u00fclj\u00e1rtuk, hogy az \u00e9tkez\u00e9s milyen term\u00e9szetess\u00e9ggel helyez el minket a hagyom\u00e1nyban \u00e9s a k\u00f6z\u00f6ss\u00e9gben.<\/p>\n<p><strong>\u00c9let\u00fat: Gy\u00e9m\u00e1nt L\u00e1szl\u00f3<\/strong> \u2013 Kilencven\u00e9ves a kalandos \u00e9let\u0171 \u00e9s t\u00f6retlen alkot\u00f3kedv\u0171 fest\u0151m\u0171v\u00e9sz. Nagyinterj\u00fank.<\/p>\n<p>A Magyar Kr\u00f3nika magazinban a leginspir\u00e1l\u00f3bb k\u00f6z\u00f6s t\u00f6rt\u00e9neteinket mutatjuk be. P\u00e9ldaad\u00f3 magyar kezdem\u00e9nyez\u00e9seket, k\u00f6z\u00f6ss\u00e9g\u00e9p\u00edt\u0151 t\u00f6rekv\u00e9seket, amelyekre m\u00e9ltatlanul kev\u00e9s figyelem jut, m\u00e9gis alapvet\u0151en meghat\u00e1rozz\u00e1k az orsz\u00e1g k\u00e9p\u00e9t. Meggy\u0151z\u0151d\u00e9s\u00fcnk, hogy a Magyar Kr\u00f3nika Magyarorsz\u00e1g egyik legszebb, ha nem a legszebb magazinja, de nemcsak sz\u00e9p, val\u00f3di lenyomata is a kornak, amelyben \u00e9l\u00fcnk.<\/p>\n","protected":false},"excerpt":{"rendered":"<p>Aktu\u00e1lis lapsz\u00e1munk rovataib\u00f3l: A hely szelleme: B\u00fckk \u2013 Ez\u00fattal a B\u00fckk t\u00e9rs\u00e9g\u00e9t j\u00e1rtuk be Szilv\u00e1sv\u00e1radt\u00f3l Noszvajig, Upponyt\u00f3l M\u00e1lyink\u00e1ig, B\u00e1nk\u00fatt\u00f3l Lillaf\u00fcredig, B\u00fckkszentkeresztt\u0151l R\u00e9p\u00e1shut\u00e1ig, Noszvajt\u00f3l Mez\u0151szemer\u00e9ig. Botanikus, erd\u00e9sz, barlang\u00e1sz, bor\u00e1sz, csillag\u00e1sz, filmfesztiv\u00e1l-szervez\u0151, vend\u00e9gl\u00e1t\u00f3s, meseterapeuta, szerzetes, sz\u00e9n\u00e9get\u0151, term\u00e9szetm\u0171v\u00e9sz \u00e9s m\u00e1s helyb\u00e9liek vallanak arr\u00f3l, hogyan form\u00e1lja az \u00e9let\u00fcket ez a vadreg\u00e9nyes vid\u00e9k. Rovatunkban arra kerest\u00fck a v\u00e1laszt, mit jelent [&hellip;]<\/p>\n","protected":false},"featured_media":3902,"template":"","meta":{"ocean_post_layout":"","ocean_both_sidebars_style":"","ocean_both_sidebars_content_width":0,"ocean_both_sidebars_sidebars_width":0,"ocean_sidebar":"0","ocean_second_sidebar":"0","ocean_disable_margins":"enable","ocean_add_body_class":"","ocean_shortcode_before_top_bar":"","ocean_shortcode_after_top_bar":"","ocean_shortcode_before_header":"","ocean_shortcode_after_header":"","ocean_has_shortcode":"","ocean_shortcode_after_title":"","ocean_shortcode_before_footer_widgets":"","ocean_shortcode_after_footer_widgets":"","ocean_shortcode_before_footer_bottom":"","ocean_shortcode_after_footer_bottom":"","ocean_display_top_bar":"default","ocean_display_header":"default","ocean_header_style":"","ocean_center_header_left_menu":"0","ocean_custom_header_template":"0","ocean_custom_logo":0,"ocean_custom_retina_logo":0,"ocean_custom_logo_max_width":0,"ocean_custom_logo_tablet_max_width":0,"ocean_custom_logo_mobile_max_width":0,"ocean_custom_logo_max_height":0,"ocean_custom_logo_tablet_max_height":0,"ocean_custom_logo_mobile_max_height":0,"ocean_header_custom_menu":"0","ocean_menu_typo_font_family":"0","ocean_menu_typo_font_subset":"","ocean_menu_typo_font_size":0,"ocean_menu_typo_font_size_tablet":0,"ocean_menu_typo_font_size_mobile":0,"ocean_menu_typo_font_size_unit":"px","ocean_menu_typo_font_weight":"","ocean_menu_typo_font_weight_tablet":"","ocean_menu_typo_font_weight_mobile":"","ocean_menu_typo_transform":"","ocean_menu_typo_transform_tablet":"","ocean_menu_typo_transform_mobile":"","ocean_menu_typo_line_height":0,"ocean_menu_typo_line_height_tablet":0,"ocean_menu_typo_line_height_mobile":0,"ocean_menu_typo_line_height_unit":"","ocean_menu_typo_spacing":0,"ocean_menu_typo_spacing_tablet":0,"ocean_menu_typo_spacing_mobile":0,"ocean_menu_typo_spacing_unit":"","ocean_menu_link_color":"","ocean_menu_link_color_hover":"","ocean_menu_link_color_active":"","ocean_menu_link_background":"","ocean_menu_link_hover_background":"","ocean_menu_link_active_background":"","ocean_menu_social_links_bg":"","ocean_menu_social_hover_links_bg":"","ocean_menu_social_links_color":"","ocean_menu_social_hover_links_color":"","ocean_disable_title":"default","ocean_disable_heading":"default","ocean_post_title":"","ocean_post_subheading":"","ocean_post_title_style":"","ocean_post_title_background_color":"","ocean_post_title_background":0,"ocean_post_title_bg_image_position":"","ocean_post_title_bg_image_attachment":"","ocean_post_title_bg_image_repeat":"","ocean_post_title_bg_image_size":"","ocean_post_title_height":0,"ocean_post_title_bg_overlay":0.5,"ocean_post_title_bg_overlay_color":"","ocean_disable_breadcrumbs":"default","ocean_breadcrumbs_color":"","ocean_breadcrumbs_separator_color":"","ocean_breadcrumbs_links_color":"","ocean_breadcrumbs_links_hover_color":"","ocean_display_footer_widgets":"default","ocean_display_footer_bottom":"default","ocean_custom_footer_template":"0"},"product_brand":[],"product_cat":[58],"product_tag":[],"class_list":{"0":"post-3924","1":"product","2":"type-product","3":"status-publish","4":"has-post-thumbnail","6":"product_cat-magyar-kronika","8":"entry","9":"has-media","11":"first","12":"instock","13":"purchasable","14":"product-type-simple","15":"has-product-nav","16":"col","17":"span_1_of_3","18":"owp-content-center","19":"owp-thumbs-layout-horizontal","20":"owp-btn-normal","21":"owp-tabs-layout-horizontal"},"_links":{"self":[{"href":"https:\/\/blshop.hu\/en\/wp-json\/wp\/v2\/product\/3924","targetHints":{"allow":["GET"]}}],"collection":[{"href":"https:\/\/blshop.hu\/en\/wp-json\/wp\/v2\/product"}],"about":[{"href":"https:\/\/blshop.hu\/en\/wp-json\/wp\/v2\/types\/product"}],"wp:featuredmedia":[{"embeddable":true,"href":"https:\/\/blshop.hu\/en\/wp-json\/wp\/v2\/media\/3902"}],"wp:attachment":[{"href":"https:\/\/blshop.hu\/en\/wp-json\/wp\/v2\/media?parent=3924"}],"wp:term":[{"taxonomy":"product_brand","embeddable":true,"href":"https:\/\/blshop.hu\/en\/wp-json\/wp\/v2\/product_brand?post=3924"},{"taxonomy":"product_cat","embeddable":true,"href":"https:\/\/blshop.hu\/en\/wp-json\/wp\/v2\/product_cat?post=3924"},{"taxonomy":"product_tag","embeddable":true,"href":"https:\/\/blshop.hu\/en\/wp-json\/wp\/v2\/product_tag?post=3924"}],"curies":[{"name":"wp","href":"https:\/\/api.w.org\/{rel}","templated":true}]}}