{"id":3973,"date":"2025-12-01T14:39:26","date_gmt":"2025-12-01T13:39:26","guid":{"rendered":"https:\/\/blshop.hu\/?post_type=product&#038;p=3973"},"modified":"2026-03-13T15:42:00","modified_gmt":"2026-03-13T14:42:00","slug":"magyar-kronika-116-szam","status":"publish","type":"product","link":"https:\/\/blshop.hu\/en\/product\/magyar-kronika-116-szam\/","title":{"rendered":"Magyar Kr\u00f3nika 116. sz\u00e1m"},"content":{"rendered":"<p>Aktu\u00e1lis lapsz\u00e1munk rovataib\u00f3l:<\/p>\n<p><strong>H\u00edv\u00f3sz\u00f3<\/strong><br \/>\nKapocs \u2013 Mi\u00e9rt v\u00e1gyunk egyszerre kapcsol\u00f3d\u00e1sra \u00e9s elvonul\u00e1sra? Milyen k\u00f6zegek k\u00e9pesek oldani a mag\u00e1nyt vagy \u00e9pp felt\u00f6lt\u0151d\u00e9st adni? Hogyan tal\u00e1lhatunk r\u00e1 azokra a k\u00f6z\u00f6ss\u00e9gekre, ahol \u00f6nmagunk lehet\u00fcnk? Interj\u00faalanyainkat befogad\u00f3 helyekr\u0151l \u00e9s megtart\u00f3 k\u00f6t\u0151d\u00e9sekr\u0151l k\u00e9rdezt\u00fck.<\/p>\n<p><strong>A harmadik hely<\/strong><br \/>\nBemutatjuk a mened\u00e9keket, az emberi \u00e9let kapcsolatteremt\u0151 szigeteit, az agor\u00e1kat \u00e9s tal\u00e1lkoz\u00e1si pontokat, ahol \u00fagy \u00e9rezhetj\u00fck, hogy legal\u00e1bb n\u00e9h\u00e1ny \u00f3r\u00e1n \u00e1t a mindennapi \u00e9let szab\u00e1lyai al\u00f3l felmentve l\u00e9tezhet\u00fcnk. Indulatok, \u00e9rvek, t\u00e9tek n\u00e9lk\u00fcl \u2013 k\u00f6z\u00f6ss\u00e9gben. A piacok, f\u00fcrd\u0151k, templomok, focip\u00e1ly\u00e1k lel\u00e1t\u00f3i, k\u00e1v\u00e9h\u00e1zak \u00e9s pincehegyek titka ut\u00e1n eredt\u00fcnk.<\/p>\n<p><strong>M\u0171hely<\/strong><br \/>\nKort\u00e1rs m\u0171vek, ki\u00e1ll\u00edt\u00e1sok, recenzi\u00f3k. Interj\u00fak kultur\u00e1lis \u00e9s t\u00e1rsadalmi \u00e9let\u00fcnk form\u00e1l\u00f3ival.<\/p>\n<p><strong>Anziksz<\/strong><br \/>\nLegend\u00e1k, sz\u00f3besz\u00e9dek, t\u00f6rt\u00e9nelmi tal\u00e1nyok, gy\u0171jt\u0151k \u00e9s kutat\u00f3k a Magyar Kr\u00f3nika visszatekint\u0151 rovat\u00e1ban.<\/p>\n<p><strong>\u00c9let\u00fat<\/strong><br \/>\nNagyinterj\u00fank. Auguszt J\u00f3zsef \u00e9s Ibolya \u2013 a cukr\u00e1szmester \u00e9s feles\u00e9ge kincset \u00e9r\u0151 id\u0151kapszul\u00e1t \u00e9ltet a F\u00e9ny utc\u00e1ban \u2013 vel\u00fck kerekedik maiv\u00e1 a legend\u00e1s Auguszt-csal\u00e1dreg\u00e9ny. Ami a sorok k\u00f6z\u00f6tt olvashat\u00f3, id\u0151tlen\u00fcl b\u00e1tor \u00e9s halad\u00f3: kitartani a neh\u00e9zben, akarni a j\u00f3t minden id\u0151ben, \u00e9s v\u00e1llalni \u00e9rte minden \u00e1ldozatot.<\/p>\n<p>A Magyar Kr\u00f3nika magazinban a leginspir\u00e1l\u00f3bb k\u00f6z\u00f6s t\u00f6rt\u00e9neteinket mutatjuk be. P\u00e9ldaad\u00f3 magyar kezdem\u00e9nyez\u00e9seket, k\u00f6z\u00f6ss\u00e9g\u00e9p\u00edt\u0151 t\u00f6rekv\u00e9seket, amelyekre m\u00e9ltatlanul kev\u00e9s figyelem jut, m\u00e9gis alapvet\u0151en meghat\u00e1rozz\u00e1k az orsz\u00e1g k\u00e9p\u00e9t. Meggy\u0151z\u0151d\u00e9s\u00fcnk, hogy a Magyar Kr\u00f3nika Magyarorsz\u00e1g egyik legszebb, ha nem a legszebb magazinja, de nemcsak sz\u00e9p, val\u00f3di lenyomata is a kornak, amelyben \u00e9l\u00fcnk.<\/p>\n","protected":false},"excerpt":{"rendered":"<p>Aktu\u00e1lis lapsz\u00e1munk rovataib\u00f3l: H\u00edv\u00f3sz\u00f3 Kapocs \u2013 Mi\u00e9rt v\u00e1gyunk egyszerre kapcsol\u00f3d\u00e1sra \u00e9s elvonul\u00e1sra? Milyen k\u00f6zegek k\u00e9pesek oldani a mag\u00e1nyt vagy \u00e9pp felt\u00f6lt\u0151d\u00e9st adni? Hogyan tal\u00e1lhatunk r\u00e1 azokra a k\u00f6z\u00f6ss\u00e9gekre, ahol \u00f6nmagunk lehet\u00fcnk? Interj\u00faalanyainkat befogad\u00f3 helyekr\u0151l \u00e9s megtart\u00f3 k\u00f6t\u0151d\u00e9sekr\u0151l k\u00e9rdezt\u00fck. A harmadik hely Bemutatjuk a mened\u00e9keket, az emberi \u00e9let kapcsolatteremt\u0151 szigeteit, az agor\u00e1kat \u00e9s tal\u00e1lkoz\u00e1si pontokat, ahol [&hellip;]<\/p>\n","protected":false},"featured_media":4854,"template":"","meta":{"ocean_post_layout":"","ocean_both_sidebars_style":"","ocean_both_sidebars_content_width":0,"ocean_both_sidebars_sidebars_width":0,"ocean_sidebar":"0","ocean_second_sidebar":"0","ocean_disable_margins":"enable","ocean_add_body_class":"","ocean_shortcode_before_top_bar":"","ocean_shortcode_after_top_bar":"","ocean_shortcode_before_header":"","ocean_shortcode_after_header":"","ocean_has_shortcode":"","ocean_shortcode_after_title":"","ocean_shortcode_before_footer_widgets":"","ocean_shortcode_after_footer_widgets":"","ocean_shortcode_before_footer_bottom":"","ocean_shortcode_after_footer_bottom":"","ocean_display_top_bar":"default","ocean_display_header":"default","ocean_header_style":"","ocean_center_header_left_menu":"0","ocean_custom_header_template":"0","ocean_custom_logo":0,"ocean_custom_retina_logo":0,"ocean_custom_logo_max_width":0,"ocean_custom_logo_tablet_max_width":0,"ocean_custom_logo_mobile_max_width":0,"ocean_custom_logo_max_height":0,"ocean_custom_logo_tablet_max_height":0,"ocean_custom_logo_mobile_max_height":0,"ocean_header_custom_menu":"0","ocean_menu_typo_font_family":"0","ocean_menu_typo_font_subset":"","ocean_menu_typo_font_size":0,"ocean_menu_typo_font_size_tablet":0,"ocean_menu_typo_font_size_mobile":0,"ocean_menu_typo_font_size_unit":"px","ocean_menu_typo_font_weight":"","ocean_menu_typo_font_weight_tablet":"","ocean_menu_typo_font_weight_mobile":"","ocean_menu_typo_transform":"","ocean_menu_typo_transform_tablet":"","ocean_menu_typo_transform_mobile":"","ocean_menu_typo_line_height":0,"ocean_menu_typo_line_height_tablet":0,"ocean_menu_typo_line_height_mobile":0,"ocean_menu_typo_line_height_unit":"","ocean_menu_typo_spacing":0,"ocean_menu_typo_spacing_tablet":0,"ocean_menu_typo_spacing_mobile":0,"ocean_menu_typo_spacing_unit":"","ocean_menu_link_color":"","ocean_menu_link_color_hover":"","ocean_menu_link_color_active":"","ocean_menu_link_background":"","ocean_menu_link_hover_background":"","ocean_menu_link_active_background":"","ocean_menu_social_links_bg":"","ocean_menu_social_hover_links_bg":"","ocean_menu_social_links_color":"","ocean_menu_social_hover_links_color":"","ocean_disable_title":"default","ocean_disable_heading":"default","ocean_post_title":"","ocean_post_subheading":"","ocean_post_title_style":"","ocean_post_title_background_color":"","ocean_post_title_background":0,"ocean_post_title_bg_image_position":"","ocean_post_title_bg_image_attachment":"","ocean_post_title_bg_image_repeat":"","ocean_post_title_bg_image_size":"","ocean_post_title_height":0,"ocean_post_title_bg_overlay":0.5,"ocean_post_title_bg_overlay_color":"","ocean_disable_breadcrumbs":"default","ocean_breadcrumbs_color":"","ocean_breadcrumbs_separator_color":"","ocean_breadcrumbs_links_color":"","ocean_breadcrumbs_links_hover_color":"","ocean_display_footer_widgets":"default","ocean_display_footer_bottom":"default","ocean_custom_footer_template":"0"},"product_brand":[],"product_cat":[58],"product_tag":[],"class_list":{"0":"post-3973","1":"product","2":"type-product","3":"status-publish","4":"has-post-thumbnail","6":"product_cat-magyar-kronika","8":"entry","9":"has-media","11":"first","12":"instock","13":"purchasable","14":"product-type-simple","15":"has-product-nav","16":"col","17":"span_1_of_3","18":"owp-content-center","19":"owp-thumbs-layout-horizontal","20":"owp-btn-normal","21":"owp-tabs-layout-horizontal"},"_links":{"self":[{"href":"https:\/\/blshop.hu\/en\/wp-json\/wp\/v2\/product\/3973","targetHints":{"allow":["GET"]}}],"collection":[{"href":"https:\/\/blshop.hu\/en\/wp-json\/wp\/v2\/product"}],"about":[{"href":"https:\/\/blshop.hu\/en\/wp-json\/wp\/v2\/types\/product"}],"wp:featuredmedia":[{"embeddable":true,"href":"https:\/\/blshop.hu\/en\/wp-json\/wp\/v2\/media\/4854"}],"wp:attachment":[{"href":"https:\/\/blshop.hu\/en\/wp-json\/wp\/v2\/media?parent=3973"}],"wp:term":[{"taxonomy":"product_brand","embeddable":true,"href":"https:\/\/blshop.hu\/en\/wp-json\/wp\/v2\/product_brand?post=3973"},{"taxonomy":"product_cat","embeddable":true,"href":"https:\/\/blshop.hu\/en\/wp-json\/wp\/v2\/product_cat?post=3973"},{"taxonomy":"product_tag","embeddable":true,"href":"https:\/\/blshop.hu\/en\/wp-json\/wp\/v2\/product_tag?post=3973"}],"curies":[{"name":"wp","href":"https:\/\/api.w.org\/{rel}","templated":true}]}}