{"id":3974,"date":"2026-03-11T09:04:28","date_gmt":"2026-03-11T08:04:28","guid":{"rendered":"https:\/\/blshop.hu\/?post_type=product&#038;p=3974"},"modified":"2026-04-01T09:31:47","modified_gmt":"2026-04-01T07:31:47","slug":"magyar-kronika-117-szam","status":"publish","type":"product","link":"https:\/\/blshop.hu\/en\/product\/magyar-kronika-117-szam\/","title":{"rendered":"Magyar Kr\u00f3nika 117. sz\u00e1m"},"content":{"rendered":"<p>A lapsz\u00e1m rovataib\u00f3l:<br \/>\n<strong>Staf\u00e9ta<\/strong><br \/>\nLobenwein Norbert, Sena Dagadu, Pindroch Csaba \u00e9s B\u0151sze \u00c1d\u00e1m egym\u00e1snak adj\u00e1k tov\u00e1bb a sz\u00f3t \u2013 a boldogs\u00e1g, a bar\u00e1ts\u00e1g, a jelenl\u00e9t \u00e9s a lelkesed\u00e9s t\u00e9m\u00e1j\u00e1ban.<\/p>\n<p><strong>A hely szelleme \u2013 Gyula<\/strong><br \/>\nAz \u00fajrakezd\u00e9sek v\u00e1rosa \u2013 a k\u00e9t K\u00f6r\u00f6s tal\u00e1lkoz\u00e1s\u00e1n\u00e1l fekv\u0151, nyugodt temp\u00f3j\u00fa f\u00fcrd\u0151v\u00e1rosban egym\u00e1sba \u00e9r m\u00falt \u00e9s jelen, hagyom\u00e1ny \u00e9s mai \u00e9let. A Magyar Kr\u00f3nika 117. sz\u00e1m\u00e1ban ezt az emberl\u00e9pt\u00e9k\u0171 v\u00e1rost, ezt a t\u00f6bbnemzetis\u00e9g\u0171 m\u00falt\u00fa, ma is \u00e9l\u0151 k\u00f6z\u00f6ss\u00e9get mutatjuk be \u2013 a helyet, ahol az ott \u00e9l\u0151k szerint minden megvan, ami a boldog \u00e9lethez kell.<\/p>\n<p><strong>M\u0171hely<\/strong><br \/>\nKort\u00e1rs m\u0171vek, ki\u00e1ll\u00edt\u00e1sok, recenzi\u00f3k \u00e9s besz\u00e9lget\u00e9sek a magyar kultur\u00e1lis \u00e9let meghat\u00e1roz\u00f3 szerepl\u0151ivel.<\/p>\n<p><strong>Tematika \u2013 F\u00e9ny<\/strong><br \/>\nA k\u00f6zvil\u00e1g\u00edt\u00e1s t\u00f6rt\u00e9nete, a filmes vil\u00e1g\u00edt\u00e1s fort\u00e9lyai, a k\u00fcl\u00f6n\u00f6s f\u00e9nyjelens\u00e9gek m\u00f6g\u00f6tt f\u00f6ld\u00f6nk\u00edv\u00fclieket sejt\u0151 ludovik\u00e1s tiszt, a sz\u00e1zadfordul\u00f3 polg\u00e1ri enteri\u0151rje, egy neonment\u0151 grafikus \u00e9s egy \u00fajrafelfedez\u00e9sre \u00e9rdemes k\u00f6lt\u0151.<\/p>\n<p><strong>\u00c9let\u00fat<\/strong><br \/>\nIll\u00e9s Fanni paralimpikon: egy kiv\u00e9teles \u00e9let\u00fat, amely a kitart\u00e1sr\u00f3l \u00e9s m\u00e9lt\u00f3s\u00e1gr\u00f3l sz\u00f3l.<\/p>\n<p>A Magyar Kr\u00f3nika magazin inspir\u00e1l\u00f3 magyar t\u00f6rt\u00e9neteket mutat be: k\u00f6z\u00f6ss\u00e9g\u00e9p\u00edt\u0151 kezdem\u00e9nyez\u00e9seket, alkot\u00f3 embereket \u00e9s olyan p\u00e9ld\u00e1kat, amelyek csendben form\u00e1lj\u00e1k az orsz\u00e1g arculat\u00e1t. Meggy\u0151z\u0151d\u00e9s\u00fcnk, hogy a Magyar Kr\u00f3nika Magyarorsz\u00e1g egyik legszebb magazinja \u2013 \u00e9s egyben hiteles lenyomata annak a kornak, amelyben \u00e9l\u00fcnk.<\/p>\n","protected":false},"excerpt":{"rendered":"<p>A lapsz\u00e1m rovataib\u00f3l: Staf\u00e9ta Lobenwein Norbert, Sena Dagadu, Pindroch Csaba \u00e9s B\u0151sze \u00c1d\u00e1m egym\u00e1snak adj\u00e1k tov\u00e1bb a sz\u00f3t \u2013 a boldogs\u00e1g, a bar\u00e1ts\u00e1g, a jelenl\u00e9t \u00e9s a lelkesed\u00e9s t\u00e9m\u00e1j\u00e1ban. A hely szelleme \u2013 Gyula Az \u00fajrakezd\u00e9sek v\u00e1rosa \u2013 a k\u00e9t K\u00f6r\u00f6s tal\u00e1lkoz\u00e1s\u00e1n\u00e1l fekv\u0151, nyugodt temp\u00f3j\u00fa f\u00fcrd\u0151v\u00e1rosban egym\u00e1sba \u00e9r m\u00falt \u00e9s jelen, hagyom\u00e1ny \u00e9s mai \u00e9let. [&hellip;]<\/p>\n","protected":false},"featured_media":5920,"template":"","meta":{"ocean_post_layout":"","ocean_both_sidebars_style":"","ocean_both_sidebars_content_width":0,"ocean_both_sidebars_sidebars_width":0,"ocean_sidebar":"0","ocean_second_sidebar":"0","ocean_disable_margins":"enable","ocean_add_body_class":"","ocean_shortcode_before_top_bar":"","ocean_shortcode_after_top_bar":"","ocean_shortcode_before_header":"","ocean_shortcode_after_header":"","ocean_has_shortcode":"","ocean_shortcode_after_title":"","ocean_shortcode_before_footer_widgets":"","ocean_shortcode_after_footer_widgets":"","ocean_shortcode_before_footer_bottom":"","ocean_shortcode_after_footer_bottom":"","ocean_display_top_bar":"default","ocean_display_header":"default","ocean_header_style":"","ocean_center_header_left_menu":"0","ocean_custom_header_template":"0","ocean_custom_logo":0,"ocean_custom_retina_logo":0,"ocean_custom_logo_max_width":0,"ocean_custom_logo_tablet_max_width":0,"ocean_custom_logo_mobile_max_width":0,"ocean_custom_logo_max_height":0,"ocean_custom_logo_tablet_max_height":0,"ocean_custom_logo_mobile_max_height":0,"ocean_header_custom_menu":"0","ocean_menu_typo_font_family":"0","ocean_menu_typo_font_subset":"","ocean_menu_typo_font_size":0,"ocean_menu_typo_font_size_tablet":0,"ocean_menu_typo_font_size_mobile":0,"ocean_menu_typo_font_size_unit":"px","ocean_menu_typo_font_weight":"","ocean_menu_typo_font_weight_tablet":"","ocean_menu_typo_font_weight_mobile":"","ocean_menu_typo_transform":"","ocean_menu_typo_transform_tablet":"","ocean_menu_typo_transform_mobile":"","ocean_menu_typo_line_height":0,"ocean_menu_typo_line_height_tablet":0,"ocean_menu_typo_line_height_mobile":0,"ocean_menu_typo_line_height_unit":"","ocean_menu_typo_spacing":0,"ocean_menu_typo_spacing_tablet":0,"ocean_menu_typo_spacing_mobile":0,"ocean_menu_typo_spacing_unit":"","ocean_menu_link_color":"","ocean_menu_link_color_hover":"","ocean_menu_link_color_active":"","ocean_menu_link_background":"","ocean_menu_link_hover_background":"","ocean_menu_link_active_background":"","ocean_menu_social_links_bg":"","ocean_menu_social_hover_links_bg":"","ocean_menu_social_links_color":"","ocean_menu_social_hover_links_color":"","ocean_disable_title":"default","ocean_disable_heading":"default","ocean_post_title":"","ocean_post_subheading":"","ocean_post_title_style":"","ocean_post_title_background_color":"","ocean_post_title_background":0,"ocean_post_title_bg_image_position":"","ocean_post_title_bg_image_attachment":"","ocean_post_title_bg_image_repeat":"","ocean_post_title_bg_image_size":"","ocean_post_title_height":0,"ocean_post_title_bg_overlay":0.5,"ocean_post_title_bg_overlay_color":"","ocean_disable_breadcrumbs":"default","ocean_breadcrumbs_color":"","ocean_breadcrumbs_separator_color":"","ocean_breadcrumbs_links_color":"","ocean_breadcrumbs_links_hover_color":"","ocean_display_footer_widgets":"default","ocean_display_footer_bottom":"default","ocean_custom_footer_template":"0"},"product_brand":[],"product_cat":[58],"product_tag":[],"class_list":{"0":"post-3974","1":"product","2":"type-product","3":"status-publish","4":"has-post-thumbnail","6":"product_cat-magyar-kronika","8":"entry","9":"has-media","11":"first","12":"instock","13":"purchasable","14":"product-type-simple","15":"has-product-nav","16":"col","17":"span_1_of_3","18":"owp-content-center","19":"owp-thumbs-layout-horizontal","20":"owp-btn-normal","21":"owp-tabs-layout-horizontal"},"_links":{"self":[{"href":"https:\/\/blshop.hu\/en\/wp-json\/wp\/v2\/product\/3974","targetHints":{"allow":["GET"]}}],"collection":[{"href":"https:\/\/blshop.hu\/en\/wp-json\/wp\/v2\/product"}],"about":[{"href":"https:\/\/blshop.hu\/en\/wp-json\/wp\/v2\/types\/product"}],"wp:featuredmedia":[{"embeddable":true,"href":"https:\/\/blshop.hu\/en\/wp-json\/wp\/v2\/media\/5920"}],"wp:attachment":[{"href":"https:\/\/blshop.hu\/en\/wp-json\/wp\/v2\/media?parent=3974"}],"wp:term":[{"taxonomy":"product_brand","embeddable":true,"href":"https:\/\/blshop.hu\/en\/wp-json\/wp\/v2\/product_brand?post=3974"},{"taxonomy":"product_cat","embeddable":true,"href":"https:\/\/blshop.hu\/en\/wp-json\/wp\/v2\/product_cat?post=3974"},{"taxonomy":"product_tag","embeddable":true,"href":"https:\/\/blshop.hu\/en\/wp-json\/wp\/v2\/product_tag?post=3974"}],"curies":[{"name":"wp","href":"https:\/\/api.w.org\/{rel}","templated":true}]}}