{"id":3981,"date":"2025-10-10T15:19:05","date_gmt":"2025-10-10T13:19:05","guid":{"rendered":"https:\/\/blshop.hu\/?post_type=product&#038;p=3981"},"modified":"2025-10-13T13:34:10","modified_gmt":"2025-10-13T11:34:10","slug":"hungarian-conservative-vol-5-no-3-2025","status":"publish","type":"product","link":"https:\/\/blshop.hu\/en\/product\/hungarian-conservative-vol-5-no-3-2025\/","title":{"rendered":"Hungarian Conservative Vol 5 No 3 2025"},"content":{"rendered":"<p>From our current issue:<\/p>\n<p>\u2022 CURRENT: Rod Dreher: The Hungarian Chieftain \u2013 Reflections on Viktor Orb\u00e1n\u2019s 2025 Tusv\u00e1nyos Address<br \/>\n\u2022 TOWARDS A NEW GLOBAL ORDER?: \u00c1gnes Bernek: Europe and Twenty-First Century Geopolitical Strategy<br \/>\n\u2022 POLITICAL PHILOSOPHY: \u00c1bris P\u00e9ter B\u00e9ndek: Whatever Happened to the Human Person? \u2013 The German Enlightenment\u2019s Compass for the Era of Pronouns<br \/>\n\u2022 REVIEW: Gavin Haynes: Who Is the Real L\u00e1szl\u00f3 T\u00f3th?<\/p>\n<p>The Hungarian Conservative aspires to be the foremost English-language voice of twenty-first-century Hungarian conservatism and an international forum for political, economic and cultural debate from a Hungarian perspective. Our objective is to address the outstanding issues of conservative thought in the realms of politics, society, religion, and culture, both past and present.<\/p>\n","protected":false},"excerpt":{"rendered":"<p>From our current issue: \u2022 CURRENT: Rod Dreher: The Hungarian Chieftain \u2013 Reflections on Viktor Orb\u00e1n\u2019s 2025 Tusv\u00e1nyos Address \u2022 TOWARDS A NEW GLOBAL ORDER?: \u00c1gnes Bernek: Europe and Twenty-First Century Geopolitical Strategy \u2022 POLITICAL PHILOSOPHY: \u00c1bris P\u00e9ter B\u00e9ndek: Whatever Happened to the Human Person? \u2013 The German Enlightenment\u2019s Compass for the Era of Pronouns [&hellip;]<\/p>\n","protected":false},"featured_media":3991,"template":"","meta":{"ocean_post_layout":"","ocean_both_sidebars_style":"","ocean_both_sidebars_content_width":0,"ocean_both_sidebars_sidebars_width":0,"ocean_sidebar":"0","ocean_second_sidebar":"0","ocean_disable_margins":"enable","ocean_add_body_class":"","ocean_shortcode_before_top_bar":"","ocean_shortcode_after_top_bar":"","ocean_shortcode_before_header":"","ocean_shortcode_after_header":"","ocean_has_shortcode":"","ocean_shortcode_after_title":"","ocean_shortcode_before_footer_widgets":"","ocean_shortcode_after_footer_widgets":"","ocean_shortcode_before_footer_bottom":"","ocean_shortcode_after_footer_bottom":"","ocean_display_top_bar":"default","ocean_display_header":"default","ocean_header_style":"","ocean_center_header_left_menu":"0","ocean_custom_header_template":"0","ocean_custom_logo":0,"ocean_custom_retina_logo":0,"ocean_custom_logo_max_width":0,"ocean_custom_logo_tablet_max_width":0,"ocean_custom_logo_mobile_max_width":0,"ocean_custom_logo_max_height":0,"ocean_custom_logo_tablet_max_height":0,"ocean_custom_logo_mobile_max_height":0,"ocean_header_custom_menu":"0","ocean_menu_typo_font_family":"0","ocean_menu_typo_font_subset":"","ocean_menu_typo_font_size":0,"ocean_menu_typo_font_size_tablet":0,"ocean_menu_typo_font_size_mobile":0,"ocean_menu_typo_font_size_unit":"px","ocean_menu_typo_font_weight":"","ocean_menu_typo_font_weight_tablet":"","ocean_menu_typo_font_weight_mobile":"","ocean_menu_typo_transform":"","ocean_menu_typo_transform_tablet":"","ocean_menu_typo_transform_mobile":"","ocean_menu_typo_line_height":0,"ocean_menu_typo_line_height_tablet":0,"ocean_menu_typo_line_height_mobile":0,"ocean_menu_typo_line_height_unit":"","ocean_menu_typo_spacing":0,"ocean_menu_typo_spacing_tablet":0,"ocean_menu_typo_spacing_mobile":0,"ocean_menu_typo_spacing_unit":"","ocean_menu_link_color":"","ocean_menu_link_color_hover":"","ocean_menu_link_color_active":"","ocean_menu_link_background":"","ocean_menu_link_hover_background":"","ocean_menu_link_active_background":"","ocean_menu_social_links_bg":"","ocean_menu_social_hover_links_bg":"","ocean_menu_social_links_color":"","ocean_menu_social_hover_links_color":"","ocean_disable_title":"default","ocean_disable_heading":"default","ocean_post_title":"","ocean_post_subheading":"","ocean_post_title_style":"","ocean_post_title_background_color":"","ocean_post_title_background":0,"ocean_post_title_bg_image_position":"","ocean_post_title_bg_image_attachment":"","ocean_post_title_bg_image_repeat":"","ocean_post_title_bg_image_size":"","ocean_post_title_height":0,"ocean_post_title_bg_overlay":0.5,"ocean_post_title_bg_overlay_color":"","ocean_disable_breadcrumbs":"default","ocean_breadcrumbs_color":"","ocean_breadcrumbs_separator_color":"","ocean_breadcrumbs_links_color":"","ocean_breadcrumbs_links_hover_color":"","ocean_display_footer_widgets":"default","ocean_display_footer_bottom":"default","ocean_custom_footer_template":"0"},"product_brand":[],"product_cat":[60],"product_tag":[],"class_list":{"0":"post-3981","1":"product","2":"type-product","3":"status-publish","4":"has-post-thumbnail","6":"product_cat-hungarian-conservative","8":"entry","9":"has-media","11":"first","12":"instock","13":"purchasable","14":"product-type-simple","15":"has-product-nav","16":"col","17":"span_1_of_3","18":"owp-content-center","19":"owp-thumbs-layout-horizontal","20":"owp-btn-normal","21":"owp-tabs-layout-horizontal"},"_links":{"self":[{"href":"https:\/\/blshop.hu\/en\/wp-json\/wp\/v2\/product\/3981","targetHints":{"allow":["GET"]}}],"collection":[{"href":"https:\/\/blshop.hu\/en\/wp-json\/wp\/v2\/product"}],"about":[{"href":"https:\/\/blshop.hu\/en\/wp-json\/wp\/v2\/types\/product"}],"wp:featuredmedia":[{"embeddable":true,"href":"https:\/\/blshop.hu\/en\/wp-json\/wp\/v2\/media\/3991"}],"wp:attachment":[{"href":"https:\/\/blshop.hu\/en\/wp-json\/wp\/v2\/media?parent=3981"}],"wp:term":[{"taxonomy":"product_brand","embeddable":true,"href":"https:\/\/blshop.hu\/en\/wp-json\/wp\/v2\/product_brand?post=3981"},{"taxonomy":"product_cat","embeddable":true,"href":"https:\/\/blshop.hu\/en\/wp-json\/wp\/v2\/product_cat?post=3981"},{"taxonomy":"product_tag","embeddable":true,"href":"https:\/\/blshop.hu\/en\/wp-json\/wp\/v2\/product_tag?post=3981"}],"curies":[{"name":"wp","href":"https:\/\/api.w.org\/{rel}","templated":true}]}}